{"id":53,"date":"2026-01-28T15:20:32","date_gmt":"2026-01-28T15:20:32","guid":{"rendered":"https:\/\/dr-romaniuc.md\/?page_id=53"},"modified":"2026-02-12T20:52:10","modified_gmt":"2026-02-12T20:52:10","slug":"politica-de-confidentialitate","status":"publish","type":"page","link":"https:\/\/dr-romaniuc.md\/ru\/politica-de-confidentialitate\/","title":{"rendered":"\u041f\u043e\u043b\u0438\u0442\u0438\u043a\u0430 \u043a\u043e\u043d\u0444\u0438\u0434\u0435\u043d\u0446\u0438\u0430\u043b\u044c\u043d\u043e\u0441\u0442\u0438"},"content":{"rendered":"<h3>1. \u0412\u0432\u0435\u0434\u0435\u043d\u0438\u0435<\/h3>\n<p>\u0412 \u0441\u043e\u043e\u0442\u0432\u0435\u0442\u0441\u0442\u0432\u0438\u0438 \u0441 \u0417\u0430\u043a\u043e\u043d\u043e\u043c \u2116. 133 \u043e\u0442 08.07.2011 \u043e \u0437\u0430\u0449\u0438\u0442\u0435 \u043f\u0435\u0440\u0441\u043e\u043d\u0430\u043b\u044c\u043d\u044b\u0445 \u0434\u0430\u043d\u043d\u044b\u0445, SRL \u00abDOCTOR ROMANIUC\u00bb, IDNO: 1018600028941, \u0441 \u0437\u0430\u0440\u0435\u0433\u0438\u0441\u0442\u0440\u0438\u0440\u043e\u0432\u0430\u043d\u043d\u044b\u043c \u043e\u0444\u0438\u0441\u043e\u043c \u0432 \u043c\u0443\u043d. \u041a\u0438\u0448\u0438\u043d\u0435\u0432, \u0443\u043b. \u0418\u0433\u043e\u0440\u044f \u0412\u0438\u0435\u0440\u0443, 8, (\u0434\u0430\u043b\u0435\u0435 \u00ab\u041f\u043e\u0441\u0442\u0430\u0432\u0449\u0438\u043a\u00bb), \u0441\u043e\u0431\u0438\u0440\u0430\u0435\u0442, \u043e\u0431\u0440\u0430\u0431\u0430\u0442\u044b\u0432\u0430\u0435\u0442 \u0438 \u0445\u0440\u0430\u043d\u0438\u0442 \u0432\u0430\u0448\u0438 \u043f\u0435\u0440\u0441\u043e\u043d\u0430\u043b\u044c\u043d\u044b\u0435 \u0434\u0430\u043d\u043d\u044b\u0435 \u0432 \u0441\u043e\u043e\u0442\u0432\u0435\u0442\u0441\u0442\u0432\u0438\u0438 \u0441 \u0443\u0441\u043b\u043e\u0432\u0438\u044f\u043c\u0438, \u043e\u043f\u0438\u0441\u0430\u043d\u043d\u044b\u043c\u0438 \u043d\u0438\u0436\u0435.<\/p>\n<p>\u041f\u043e\u043b\u044c\u0437\u0443\u044f\u0441\u044c \u043d\u0430\u0448\u0438\u043c\u0438 \u0443\u0441\u043b\u0443\u0433\u0430\u043c\u0438 \u0438 \u0443\u0441\u0442\u0430\u043d\u0430\u0432\u043b\u0438\u0432\u0430\u044f \u0444\u043b\u0430\u0436\u043e\u043a \u00ab\u042f \u043f\u0440\u043e\u0447\u0438\u0442\u0430\u043b \u0438 \u0441\u043e\u0433\u043b\u0430\u0441\u0435\u043d \u0441 \u0423\u0441\u043b\u043e\u0432\u0438\u044f\u043c\u0438 \u0438 \u041f\u043e\u043b\u0438\u0442\u0438\u043a\u043e\u0439 \u043a\u043e\u043d\u0444\u0438\u0434\u0435\u043d\u0446\u0438\u0430\u043b\u044c\u043d\u043e\u0441\u0442\u0438\u00bb, \u0432\u044b \u0432\u044b\u0440\u0430\u0436\u0430\u0435\u0442\u0435 \u0441\u0432\u043e\u0435 \u0441\u043e\u0433\u043b\u0430\u0441\u0438\u0435 \u043d\u0430 \u043e\u0431\u0440\u0430\u0431\u043e\u0442\u043a\u0443 \u043f\u0435\u0440\u0441\u043e\u043d\u0430\u043b\u044c\u043d\u044b\u0445 \u0434\u0430\u043d\u043d\u044b\u0445.<\/p>\n<h3>2. \u041e\u0431\u0449\u0430\u044f \u0438\u043d\u0444\u043e\u0440\u043c\u0430\u0446\u0438\u044f<\/h3>\n<p>\u041e\u0431\u0435\u0441\u043f\u0435\u0447\u0435\u043d\u0438\u0435 \u043a\u043e\u043d\u0444\u0438\u0434\u0435\u043d\u0446\u0438\u0430\u043b\u044c\u043d\u043e\u0441\u0442\u0438 \u0438 \u043f\u0440\u0430\u0432\u0438\u043b\u044c\u043d\u0430\u044f \u043e\u0431\u0440\u0430\u0431\u043e\u0442\u043a\u0430 \u0434\u0430\u043d\u043d\u044b\u0445 \u043a\u043b\u0438\u0435\u043d\u0442\u043e\u0432 \u044f\u0432\u043b\u044f\u044e\u0442\u0441\u044f \u043e\u0441\u043d\u043e\u0432\u043d\u044b\u043c\u0438 \u043f\u0440\u0438\u043e\u0440\u0438\u0442\u0435\u0442\u0430\u043c\u0438 SRL \u00abDOCTOR ROMANIUC\u00bb. \u042d\u0442\u043e\u0442 \u0434\u043e\u043a\u0443\u043c\u0435\u043d\u0442 \u043f\u0440\u0435\u0434\u043d\u0430\u0437\u043d\u0430\u0447\u0435\u043d \u0434\u043b\u044f \u0438\u043d\u0444\u043e\u0440\u043c\u0438\u0440\u043e\u0432\u0430\u043d\u0438\u044f \u043a\u043b\u0438\u0435\u043d\u0442\u043e\u0432 \u043e \u043f\u0440\u043e\u0446\u0435\u0441\u0441\u0435 \u043e\u0431\u0440\u0430\u0431\u043e\u0442\u043a\u0438 \u043f\u0435\u0440\u0441\u043e\u043d\u0430\u043b\u044c\u043d\u044b\u0445 \u0434\u0430\u043d\u043d\u044b\u0445, \u0441\u043e\u0431\u0440\u0430\u043d\u043d\u044b\u0445 \u0447\u0435\u0440\u0435\u0437 \u043d\u0430\u0448 \u0441\u0430\u0439\u0442 www.dr-romaniuc.md.<\/p>\n<h3>3. \u041b\u0438\u0447\u043d\u043e\u0441\u0442\u044c \u043e\u043f\u0435\u0440\u0430\u0442\u043e\u0440\u0430<\/h3>\n<p>\u041d\u0430\u0437\u0432\u0430\u043d\u0438\u0435 \u043e\u043f\u0435\u0440\u0430\u0442\u043e\u0440\u0430: SRL \"DOCTOR ROMANIUC\"<br \/>\n\u0410\u0434\u0440\u0435\u0441: \u0443\u043b. \u0413\u0438\u043d\u0442\u0430 \u041b\u0430\u0442\u0438\u043d\u044d 10, \u041a\u0438\u0448\u0438\u043d\u0435\u0432, \u0420\u0435\u0441\u043f\u0443\u0431\u043b\u0438\u043a\u0430 \u041c\u043e\u043b\u0434\u043e\u0432\u0430<br \/>\n\u042d\u043b\u0435\u043a\u0442\u0440\u043e\u043d\u043d\u0430\u044f \u043f\u043e\u0447\u0442\u0430: info@dr-romaniuc.md<\/p>\n<h3>4. \u041a\u0430\u0442\u0435\u0433\u043e\u0440\u0438\u0438 \u0441\u043e\u0431\u0438\u0440\u0430\u0435\u043c\u044b\u0445 \u043f\u0435\u0440\u0441\u043e\u043d\u0430\u043b\u044c\u043d\u044b\u0445 \u0434\u0430\u043d\u043d\u044b\u0445<\/h3>\n<p>\u0427\u0435\u0440\u0435\u0437 \u0441\u0430\u0439\u0442 www.dr-romaniuc.md \u043c\u044b \u0441\u043e\u0431\u0438\u0440\u0430\u0435\u043c \u0441\u043b\u0435\u0434\u0443\u044e\u0449\u0438\u0435 \u043a\u0430\u0442\u0435\u0433\u043e\u0440\u0438\u0438 \u043f\u0435\u0440\u0441\u043e\u043d\u0430\u043b\u044c\u043d\u044b\u0445 \u0434\u0430\u043d\u043d\u044b\u0445 \u043e\u0442 \u043a\u043b\u0438\u0435\u043d\u0442\u043e\u0432: \u0438\u043c\u044f, \u0444\u0430\u043c\u0438\u043b\u0438\u044f, \u0430\u0434\u0440\u0435\u0441 \u044d\u043b\u0435\u043a\u0442\u0440\u043e\u043d\u043d\u043e\u0439 \u043f\u043e\u0447\u0442\u044b, \u043d\u043e\u043c\u0435\u0440 \u0442\u0435\u043b\u0435\u0444\u043e\u043d\u0430, \u0430 \u0442\u0430\u043a\u0436\u0435 \u0434\u0440\u0443\u0433\u0438\u0435 \u043a\u0430\u0442\u0435\u0433\u043e\u0440\u0438\u0438 \u0434\u0430\u043d\u043d\u044b\u0445, \u0441\u043e\u043e\u0431\u0449\u0430\u0435\u043c\u044b\u0435 \u043a\u043b\u0438\u0435\u043d\u0442\u043e\u043c \u043f\u0443\u0442\u0435\u043c \u0437\u0430\u043f\u043e\u043b\u043d\u0435\u043d\u0438\u044f \u043f\u0440\u0435\u0434\u043d\u0430\u0437\u043d\u0430\u0447\u0435\u043d\u043d\u043e\u0439 \u0444\u043e\u0440\u043c\u044b. \u0434\u043b\u044f \u0441\u043e\u043e\u0431\u0449\u0435\u043d\u0438\u0439, \u0430\u0434\u0440\u0435\u0441\u043e\u0432\u0430\u043d\u043d\u044b\u0445 \u043d\u0430\u043c \u0438\u043b\u0438 \u0441\u043e\u0434\u0435\u0440\u0436\u0430\u0449\u0438\u0445\u0441\u044f \u0432 \u043f\u0440\u0438\u043a\u0440\u0435\u043f\u043b\u0435\u043d\u043d\u043e\u043c \u043a \u0441\u043e\u043e\u0431\u0449\u0435\u043d\u0438\u044e \u0444\u0430\u0439\u043b\u0435.<\/p>\n<h3>5. \u0421\u043f\u043e\u0441\u043e\u0431\u044b, \u0446\u0435\u043b\u0438 \u0438 \u043f\u0440\u0430\u0432\u043e\u0432\u044b\u0435 \u043e\u0441\u043d\u043e\u0432\u044b \u043e\u0431\u0440\u0430\u0431\u043e\u0442\u043a\u0438 \u0434\u0430\u043d\u043d\u044b\u0445<\/h3>\n<p>\u041c\u044b \u0441\u043e\u0431\u0438\u0440\u0430\u0435\u043c \u043f\u0435\u0440\u0441\u043e\u043d\u0430\u043b\u044c\u043d\u044b\u0435 \u0434\u0430\u043d\u043d\u044b\u0435 \u043e\u0442 \u043a\u043b\u0438\u0435\u043d\u0442\u043e\u0432 \u0447\u0435\u0440\u0435\u0437 \u0444\u043e\u0440\u043c\u0443 \u043d\u0430 \u0432\u0435\u0431-\u0441\u0442\u0440\u0430\u043d\u0438\u0446\u0435, \u0433\u0434\u0435 \u043a\u043b\u0438\u0435\u043d\u0442 \u0434\u043e\u043b\u0436\u0435\u043d \u0432\u0432\u0435\u0441\u0442\u0438 \u0438\u043c\u044f, \u0438\u043c\u044f \u0438 \u0434\u0430\u0442\u0443 \u043a\u043e\u043d\u0442\u0430\u043a\u0442\u0430 (\u0430\u0434\u0440\u0435\u0441 \u044d\u043b\u0435\u043a\u0442\u0440\u043e\u043d\u043d\u043e\u0439 \u043f\u043e\u0447\u0442\u044b \u0438\u043b\u0438 \u043d\u043e\u043c\u0435\u0440 \u0442\u0435\u043b\u0435\u0444\u043e\u043d\u0430). \u0421\u043e\u0431\u0440\u0430\u043d\u043d\u044b\u0435 \u043f\u0435\u0440\u0441\u043e\u043d\u0430\u043b\u044c\u043d\u044b\u0435 \u0434\u0430\u043d\u043d\u044b\u0435 \u0438\u0441\u043f\u043e\u043b\u044c\u0437\u0443\u044e\u0442\u0441\u044f \u0434\u043b\u044f \u0441\u0432\u044f\u0437\u0438 \u0441 \u043a\u043b\u0438\u0435\u043d\u0442\u0430\u043c\u0438 \u0438 \u0443\u043b\u0443\u0447\u0448\u0435\u043d\u0438\u044f \u043f\u0440\u0435\u0434\u043b\u0430\u0433\u0430\u0435\u043c\u044b\u0445 \u0443\u0441\u043b\u0443\u0433.<\/p>\n<h3>6. \u0422\u0440\u0430\u043d\u0441\u0433\u0440\u0430\u043d\u0438\u0447\u043d\u0430\u044f \u043f\u0435\u0440\u0435\u0434\u0430\u0447\u0430 \u043f\u0435\u0440\u0441\u043e\u043d\u0430\u043b\u044c\u043d\u044b\u0445 \u0434\u0430\u043d\u043d\u044b\u0445<\/h3>\n<p>\u0421\u0435\u0440\u0432\u0435\u0440\u044b, \u043d\u0430 \u043a\u043e\u0442\u043e\u0440\u044b\u0445 \u0445\u0440\u0430\u043d\u044f\u0442\u0441\u044f \u0441\u043e\u0431\u0440\u0430\u043d\u043d\u044b\u0435 \u0434\u0430\u043d\u043d\u044b\u0435, \u0440\u0430\u0441\u043f\u043e\u043b\u043e\u0436\u0435\u043d\u044b \u0432 \u0415\u0432\u0440\u043e\u043f\u0435\u0439\u0441\u043a\u043e\u0439 \u044d\u043a\u043e\u043d\u043e\u043c\u0438\u0447\u0435\u0441\u043a\u043e\u0439 \u0437\u043e\u043d\u0435 \u0438 \u0432 \u0420\u0435\u0441\u043f\u0443\u0431\u043b\u0438\u043a\u0435 \u041c\u043e\u043b\u0434\u043e\u0432\u0430, \u043e\u0431\u0435\u0441\u043f\u0435\u0447\u0438\u0432\u0430\u044f \u0430\u0434\u0435\u043a\u0432\u0430\u0442\u043d\u044b\u0439 \u0443\u0440\u043e\u0432\u0435\u043d\u044c \u0437\u0430\u0449\u0438\u0442\u044b \u043f\u0435\u0440\u0441\u043e\u043d\u0430\u043b\u044c\u043d\u044b\u0445 \u0434\u0430\u043d\u043d\u044b\u0445, \u0441\u043e\u0433\u043b\u0430\u0441\u043d\u043e \u0442\u0440\u0435\u0431\u043e\u0432\u0430\u043d\u0438\u044f\u043c GDPR \u0438 \u043d\u0430\u0446\u0438\u043e\u043d\u0430\u043b\u044c\u043d\u043e\u0439 \u043d\u043e\u0440\u043c\u0430\u0442\u0438\u0432\u043d\u043e\u0439 \u0431\u0430\u0437\u044b \u0420\u0435\u0441\u043f\u0443\u0431\u043b\u0438\u043a\u0438 \u041c\u043e\u043b\u0434\u043e\u0432\u0430. .<\/p>\n<h3>7. \u041f\u043e\u043b\u0443\u0447\u0430\u0442\u0435\u043b\u0438<\/h3>\n<p><strong>\u0421\u043e\u0431\u0440\u0430\u043d\u043d\u044b\u0435 \u0434\u0430\u043d\u043d\u044b\u0435 \u043c\u043e\u0433\u0443\u0442 \u0431\u044b\u0442\u044c \u043f\u0435\u0440\u0435\u0434\u0430\u043d\u044b:<\/strong><br \/>\n\u0417\u0430\u043a\u0430\u0437\u0447\u0438\u043a \u0438\u043b\u0438 \u0435\u0433\u043e \u0437\u0430\u043a\u043e\u043d\u043d\u044b\u0439 \u043f\u0440\u0435\u0434\u0441\u0442\u0430\u0432\u0438\u0442\u0435\u043b\u044c<br \/>\n\u0423\u043f\u043e\u043b\u043d\u043e\u043c\u043e\u0447\u0435\u043d\u043d\u044b\u0435 \u043d\u0430\u043c\u0438 \u043b\u0438\u0446\u0430<br \/>\n\u041e\u0440\u0433\u0430\u043d\u044b \u043a\u043e\u043d\u0442\u0440\u043e\u043b\u044f \u043f\u043e \u043c\u043e\u0442\u0438\u0432\u0438\u0440\u043e\u0432\u0430\u043d\u043d\u043e\u043c\u0443 \u0437\u0430\u043f\u0440\u043e\u0441\u0443<br \/>\n\u0421\u0435\u0440\u0432\u0438\u0441\u043d\u044b\u0435 \u043a\u043e\u043c\u043f\u0430\u043d\u0438\u0438 (\u043d\u0430\u043f\u0440\u0438\u043c\u0435\u0440, Google, Facebook) \u0432 \u043e\u0431\u044a\u0435\u043c\u0435, \u043d\u0435\u043e\u0431\u0445\u043e\u0434\u0438\u043c\u043e\u043c \u0434\u043b\u044f \u0434\u043e\u0441\u0442\u0438\u0436\u0435\u043d\u0438\u044f \u0443\u043a\u0430\u0437\u0430\u043d\u043d\u044b\u0445 \u0432\u044b\u0448\u0435 \u0446\u0435\u043b\u0435\u0439.<\/p>\n<h3>8. \u041f\u0440\u0430\u0432\u0430 \u0441\u0443\u0431\u044a\u0435\u043a\u0442\u043e\u0432 \u0434\u0430\u043d\u043d\u044b\u0445<\/h3>\n<p><strong>\u0412 \u0441\u043e\u043e\u0442\u0432\u0435\u0442\u0441\u0442\u0432\u0438\u0438 \u0441 \u0417\u0430\u043a\u043e\u043d\u043e\u043c \u2116. \u2116 133 \u043e\u0442 08.07.2011 \u0433. \u0412\u044b \u0438\u043c\u0435\u0435\u0442\u0435 \u0441\u043b\u0435\u0434\u0443\u044e\u0449\u0438\u0435 \u043f\u0440\u0430\u0432\u0430 \u0432 \u043e\u0442\u043d\u043e\u0448\u0435\u043d\u0438\u0438 \u043e\u0431\u0440\u0430\u0431\u043e\u0442\u043a\u0438 \u043f\u0435\u0440\u0441\u043e\u043d\u0430\u043b\u044c\u043d\u044b\u0445 \u0434\u0430\u043d\u043d\u044b\u0445:<\/strong><br \/>\n\u041f\u0440\u0430\u0432\u043e \u0431\u044b\u0442\u044c \u0438\u043d\u0444\u043e\u0440\u043c\u0438\u0440\u043e\u0432\u0430\u043d\u043d\u044b\u043c<br \/>\n\u041f\u0440\u0430\u0432\u043e \u0434\u043e\u0441\u0442\u0443\u043f\u0430 \u043a \u043f\u0435\u0440\u0441\u043e\u043d\u0430\u043b\u044c\u043d\u044b\u043c \u0434\u0430\u043d\u043d\u044b\u043c<br \/>\n\u041f\u0440\u0430\u0432\u043e \u043d\u0430 \u0432\u043c\u0435\u0448\u0430\u0442\u0435\u043b\u044c\u0441\u0442\u0432\u043e \u0432 \u0434\u0430\u043d\u043d\u044b\u0435 (\u0438\u0441\u043f\u0440\u0430\u0432\u043b\u0435\u043d\u0438\u0435, \u0431\u043b\u043e\u043a\u0438\u0440\u043e\u0432\u043a\u0430, \u0443\u0434\u0430\u043b\u0435\u043d\u0438\u0435, \u043e\u0431\u043d\u043e\u0432\u043b\u0435\u043d\u0438\u0435)<br \/>\n\u041f\u0440\u0430\u0432\u043e \u0432\u043e\u0437\u0440\u0430\u0436\u0430\u0442\u044c \u043f\u0440\u043e\u0442\u0438\u0432 \u043e\u0431\u0440\u0430\u0431\u043e\u0442\u043a\u0438 \u0434\u0430\u043d\u043d\u044b\u0445<br \/>\n\u041f\u0440\u0430\u0432\u043e \u043d\u0435 \u043f\u043e\u0434\u0432\u0435\u0440\u0433\u0430\u0442\u044c\u0441\u044f \u0438\u043d\u0434\u0438\u0432\u0438\u0434\u0443\u0430\u043b\u044c\u043d\u043e\u043c\u0443 \u0440\u0435\u0448\u0435\u043d\u0438\u044e, \u043e\u0441\u043d\u043e\u0432\u0430\u043d\u043d\u043e\u043c\u0443 \u0438\u0441\u043a\u043b\u044e\u0447\u0438\u0442\u0435\u043b\u044c\u043d\u043e \u043d\u0430 \u0430\u0432\u0442\u043e\u043c\u0430\u0442\u0438\u0437\u0438\u0440\u043e\u0432\u0430\u043d\u043d\u043e\u0439 \u043e\u0431\u0440\u0430\u0431\u043e\u0442\u043a\u0435<br \/>\n\u041f\u0440\u0430\u0432\u043e \u043f\u043e\u0434\u0430\u0442\u044c \u0436\u0430\u043b\u043e\u0431\u0443 \u0432 \u041d\u0430\u0446\u0438\u043e\u043d\u0430\u043b\u044c\u043d\u044b\u0439 \u0446\u0435\u043d\u0442\u0440 \u0437\u0430\u0449\u0438\u0442\u044b \u043f\u0435\u0440\u0441\u043e\u043d\u0430\u043b\u044c\u043d\u044b\u0445 \u0434\u0430\u043d\u043d\u044b\u0445 \u0438\u043b\u0438 \u043e\u0431\u0440\u0430\u0442\u0438\u0442\u044c\u0441\u044f \u0432 \u0441\u0443\u0434<br \/>\n\u0427\u0442\u043e\u0431\u044b \u0432\u043e\u0441\u043f\u043e\u043b\u044c\u0437\u043e\u0432\u0430\u0442\u044c\u0441\u044f \u043b\u044e\u0431\u044b\u043c \u0438\u0437 \u044d\u0442\u0438\u0445 \u043f\u0440\u0430\u0432, \u0432\u044b \u043c\u043e\u0436\u0435\u0442\u0435 \u043e\u0442\u043f\u0440\u0430\u0432\u0438\u0442\u044c \u0437\u0430\u043f\u0440\u043e\u0441 \u043d\u0430 \u0430\u0434\u0440\u0435\u0441 \u044d\u043b\u0435\u043a\u0442\u0440\u043e\u043d\u043d\u043e\u0439 \u043f\u043e\u0447\u0442\u044b info@dr-romaniuc.md.<\/p>\n<h3>9. \u0418\u0437\u043c\u0435\u043d\u0435\u043d\u0438\u0435 \u041f\u043e\u043b\u0438\u0442\u0438\u043a\u0438 \u043a\u043e\u043d\u0444\u0438\u0434\u0435\u043d\u0446\u0438\u0430\u043b\u044c\u043d\u043e\u0441\u0442\u0438<\/h3>\n<p>\u0412 \u0441\u0432\u044f\u0437\u0438 \u0441 \u0432\u043e\u0437\u043c\u043e\u0436\u043d\u044b\u043c\u0438 \u0438\u0437\u043c\u0435\u043d\u0435\u043d\u0438\u044f\u043c\u0438 \u0432 \u043f\u0440\u043e\u0446\u0435\u0441\u0441\u0430\u0445 \u043e\u0431\u0440\u0430\u0431\u043e\u0442\u043a\u0438 \u0438\u043b\u0438 \u0441\u043e\u043e\u0442\u0432\u0435\u0442\u0441\u0442\u0432\u0443\u044e\u0449\u0435\u043c \u0437\u0430\u043a\u043e\u043d\u043e\u0434\u0430\u0442\u0435\u043b\u044c\u0441\u0442\u0432\u0435 \u043c\u043e\u0436\u0435\u0442 \u0432\u043e\u0437\u043d\u0438\u043a\u043d\u0443\u0442\u044c \u043d\u0435\u043e\u0431\u0445\u043e\u0434\u0438\u043c\u043e\u0441\u0442\u044c \u0432\u043d\u0435\u0441\u0435\u043d\u0438\u044f \u0438\u0437\u043c\u0435\u043d\u0435\u043d\u0438\u0439 \u0432 \u0434\u0430\u043d\u043d\u0443\u044e \u043f\u043e\u043b\u0438\u0442\u0438\u043a\u0443. \u041c\u044b \u0441\u043e\u043e\u0431\u0449\u0438\u043c \u0432\u0430\u043c \u043e \u043b\u044e\u0431\u044b\u0445 \u0438\u0437\u043c\u0435\u043d\u0435\u043d\u0438\u044f\u0445, \u0438 \u0435\u0441\u043b\u0438 \u043e\u043d\u0438 \u043f\u043e\u0432\u043b\u0438\u044f\u044e\u0442 \u043d\u0430 \u043e\u0431\u0440\u0430\u0431\u043e\u0442\u043a\u0443 \u043d\u0430 \u043e\u0441\u043d\u043e\u0432\u0430\u043d\u0438\u0438 \u0432\u0430\u0448\u0435\u0433\u043e \u0441\u043e\u0433\u043b\u0430\u0441\u0438\u044f, \u043f\u0440\u0438 \u043d\u0435\u043e\u0431\u0445\u043e\u0434\u0438\u043c\u043e\u0441\u0442\u0438 \u043c\u044b \u0437\u0430\u043f\u0440\u043e\u0441\u0438\u043c \u0432\u0430\u0448\u0435 \u0441\u043e\u0433\u043b\u0430\u0441\u0438\u0435 \u0435\u0449\u0435 \u0440\u0430\u0437.<\/p>","protected":false},"excerpt":{"rendered":"<p>1. Introducere \u00cen conformitate cu Legea nr. 133 din 08.07.2011 privind protec\u021bia datelor cu caracter personal, SRL \u201eDOCTOR ROMANIUC\u201d, IDNO: 1018600028941, cu sediul \u00eenregistrat \u00een mun. Chi\u0219in\u0103u, str. Igor Vieru 8, (denumit\u0103 \u00een continuare \u201ePrestator\u201d), colecteaz\u0103, prelucreaz\u0103 \u0219i stocheaz\u0103 datele dumneavoastr\u0103 cu caracter personal \u00een conformitate cu termenii \u0219i condi\u021biile descrise mai jos. Prin utilizarea [&hellip;]<\/p>","protected":false},"author":1,"featured_media":0,"parent":0,"menu_order":0,"comment_status":"closed","ping_status":"closed","template":"","meta":{"_acf_changed":false,"footnotes":""},"class_list":["post-53","page","type-page","status-publish","format-standard","hentry"],"acf":[],"yoast_head":"<!-- This site is optimized with the Yoast SEO plugin v26.9 - https:\/\/yoast.com\/product\/yoast-seo-wordpress\/ -->\n<title>Politica de confiden\u021bialitate &#062; Dr. Romaniuc<\/title>\n<meta name=\"robots\" content=\"index, follow, max-snippet:-1, max-image-preview:large, max-video-preview:-1\" \/>\n<link rel=\"canonical\" href=\"https:\/\/dr-romaniuc.md\/ru\/politica-de-confidentialitate\/\" \/>\n<meta property=\"og:locale\" content=\"ru_RU\" \/>\n<meta property=\"og:type\" content=\"article\" \/>\n<meta property=\"og:title\" content=\"Politica de confiden\u021bialitate &#062; Dr. Romaniuc\" \/>\n<meta property=\"og:description\" content=\"1. Introducere \u00cen conformitate cu Legea nr. 133 din 08.07.2011 privind protec\u021bia datelor cu caracter personal, SRL \u201eDOCTOR ROMANIUC\u201d, IDNO: 1018600028941, cu sediul \u00eenregistrat \u00een mun. Chi\u0219in\u0103u, str. Igor Vieru 8, (denumit\u0103 \u00een continuare \u201ePrestator\u201d), colecteaz\u0103, prelucreaz\u0103 \u0219i stocheaz\u0103 datele dumneavoastr\u0103 cu caracter personal \u00een conformitate cu termenii \u0219i condi\u021biile descrise mai jos. Prin utilizarea [&hellip;]\" \/>\n<meta property=\"og:url\" content=\"https:\/\/dr-romaniuc.md\/ru\/politica-de-confidentialitate\/\" \/>\n<meta property=\"og:site_name\" content=\"Dr. Romaniuc\" \/>\n<meta property=\"article:modified_time\" content=\"2026-02-12T20:52:10+00:00\" \/>\n<meta name=\"twitter:card\" content=\"summary_large_image\" \/>\n<meta name=\"twitter:label1\" content=\"Est. reading time\" \/>\n\t<meta name=\"twitter:data1\" content=\"3 \u043c\u0438\u043d\u0443\u0442\u044b\" \/>\n<!-- \/ Yoast SEO plugin. -->","yoast_head_json":{"title":"Politica de confiden\u021bialitate &#062; Dr. Romaniuc","robots":{"index":"index","follow":"follow","max-snippet":"max-snippet:-1","max-image-preview":"max-image-preview:large","max-video-preview":"max-video-preview:-1"},"canonical":"https:\/\/dr-romaniuc.md\/ru\/politica-de-confidentialitate\/","og_locale":"ru_RU","og_type":"article","og_title":"Politica de confiden\u021bialitate &#062; Dr. Romaniuc","og_description":"1. Introducere \u00cen conformitate cu Legea nr. 133 din 08.07.2011 privind protec\u021bia datelor cu caracter personal, SRL \u201eDOCTOR ROMANIUC\u201d, IDNO: 1018600028941, cu sediul \u00eenregistrat \u00een mun. Chi\u0219in\u0103u, str. Igor Vieru 8, (denumit\u0103 \u00een continuare \u201ePrestator\u201d), colecteaz\u0103, prelucreaz\u0103 \u0219i stocheaz\u0103 datele dumneavoastr\u0103 cu caracter personal \u00een conformitate cu termenii \u0219i condi\u021biile descrise mai jos. Prin utilizarea [&hellip;]","og_url":"https:\/\/dr-romaniuc.md\/ru\/politica-de-confidentialitate\/","og_site_name":"Dr. Romaniuc","article_modified_time":"2026-02-12T20:52:10+00:00","twitter_card":"summary_large_image","twitter_misc":{"Est. reading time":"3 \u043c\u0438\u043d\u0443\u0442\u044b"},"schema":{"@context":"https:\/\/schema.org","@graph":[{"@type":"WebPage","@id":"https:\/\/dr-romaniuc.md\/ru\/politica-de-confidentialitate\/","url":"https:\/\/dr-romaniuc.md\/ru\/politica-de-confidentialitate\/","name":"Politica de confiden\u021bialitate &#062; Dr. Romaniuc","isPartOf":{"@id":"https:\/\/dr-romaniuc.md\/#website"},"datePublished":"2026-01-28T15:20:32+00:00","dateModified":"2026-02-12T20:52:10+00:00","breadcrumb":{"@id":"https:\/\/dr-romaniuc.md\/ru\/politica-de-confidentialitate\/#breadcrumb"},"inLanguage":"ru-RU","potentialAction":[{"@type":"ReadAction","target":["https:\/\/dr-romaniuc.md\/ru\/politica-de-confidentialitate\/"]}]},{"@type":"BreadcrumbList","@id":"https:\/\/dr-romaniuc.md\/ru\/politica-de-confidentialitate\/#breadcrumb","itemListElement":[{"@type":"ListItem","position":1,"name":"Home","item":"https:\/\/dr-romaniuc.md\/"},{"@type":"ListItem","position":2,"name":"Politica de confiden\u021bialitate"}]},{"@type":"WebSite","@id":"https:\/\/dr-romaniuc.md\/#website","url":"https:\/\/dr-romaniuc.md\/","name":"Dr. Romaniuc","description":"Clinic\u0103 stomatologic\u0103","publisher":{"@id":"https:\/\/dr-romaniuc.md\/#organization"},"potentialAction":[{"@type":"SearchAction","target":{"@type":"EntryPoint","urlTemplate":"https:\/\/dr-romaniuc.md\/?s={search_term_string}"},"query-input":{"@type":"PropertyValueSpecification","valueRequired":true,"valueName":"search_term_string"}}],"inLanguage":"ru-RU"},{"@type":"Organization","@id":"https:\/\/dr-romaniuc.md\/#organization","name":"Dr. Romaniuc","url":"https:\/\/dr-romaniuc.md\/","logo":{"@type":"ImageObject","inLanguage":"ru-RU","@id":"https:\/\/dr-romaniuc.md\/#\/schema\/logo\/image\/","url":"https:\/\/dr-romaniuc.md\/wp-content\/uploads\/2026\/01\/Logo.svg","contentUrl":"https:\/\/dr-romaniuc.md\/wp-content\/uploads\/2026\/01\/Logo.svg","caption":"Dr. Romaniuc"},"image":{"@id":"https:\/\/dr-romaniuc.md\/#\/schema\/logo\/image\/"}}]}},"_links":{"self":[{"href":"https:\/\/dr-romaniuc.md\/ru\/wp-json\/wp\/v2\/pages\/53","targetHints":{"allow":["GET"]}}],"collection":[{"href":"https:\/\/dr-romaniuc.md\/ru\/wp-json\/wp\/v2\/pages"}],"about":[{"href":"https:\/\/dr-romaniuc.md\/ru\/wp-json\/wp\/v2\/types\/page"}],"author":[{"embeddable":true,"href":"https:\/\/dr-romaniuc.md\/ru\/wp-json\/wp\/v2\/users\/1"}],"replies":[{"embeddable":true,"href":"https:\/\/dr-romaniuc.md\/ru\/wp-json\/wp\/v2\/comments?post=53"}],"version-history":[{"count":4,"href":"https:\/\/dr-romaniuc.md\/ru\/wp-json\/wp\/v2\/pages\/53\/revisions"}],"predecessor-version":[{"id":485,"href":"https:\/\/dr-romaniuc.md\/ru\/wp-json\/wp\/v2\/pages\/53\/revisions\/485"}],"wp:attachment":[{"href":"https:\/\/dr-romaniuc.md\/ru\/wp-json\/wp\/v2\/media?parent=53"}],"curies":[{"name":"wp","href":"https:\/\/api.w.org\/{rel}","templated":true}]}}