{"id":52,"date":"2026-01-28T15:20:17","date_gmt":"2026-01-28T15:20:17","guid":{"rendered":"https:\/\/dr-romaniuc.md\/?page_id=52"},"modified":"2026-01-28T15:25:15","modified_gmt":"2026-01-28T15:25:15","slug":"termeni-si-conditii","status":"publish","type":"page","link":"https:\/\/dr-romaniuc.md\/ru\/termeni-si-conditii\/","title":{"rendered":"\u0423\u0441\u043b\u043e\u0432\u0438\u044f \u0438 \u043f\u043e\u043b\u043e\u0436\u0435\u043d\u0438\u044f"},"content":{"rendered":"<p>\u041f\u043e\u0436\u0430\u043b\u0443\u0439\u0441\u0442\u0430, \u0432\u043d\u0438\u043c\u0430\u0442\u0435\u043b\u044c\u043d\u043e \u043f\u0440\u043e\u0447\u0442\u0438\u0442\u0435 \u043d\u0430\u0441\u0442\u043e\u044f\u0449\u0438\u0435 \u0423\u0441\u043b\u043e\u0432\u0438\u044f \u043f\u0435\u0440\u0435\u0434 \u0438\u0441\u043f\u043e\u043b\u044c\u0437\u043e\u0432\u0430\u043d\u0438\u0435\u043c \u0432\u0435\u0431-\u0441\u0430\u0439\u0442\u0430 www.dr-romaniuc.md, \u043a\u043e\u0442\u043e\u0440\u044b\u043c \u0443\u043f\u0440\u0430\u0432\u043b\u044f\u0435\u0442 SRL \u00abDOCTOR ROMANIUC\u00bb.<\/p>\n<p>\u0412\u0430\u0448 \u0434\u043e\u0441\u0442\u0443\u043f \u043a \u0421\u0435\u0440\u0432\u0438\u0441\u0443 \u0438 \u0435\u0433\u043e \u0438\u0441\u043f\u043e\u043b\u044c\u0437\u043e\u0432\u0430\u043d\u0438\u0435 \u0437\u0430\u0432\u0438\u0441\u044f\u0442 \u043e\u0442 \u0432\u0430\u0448\u0435\u0433\u043e \u043f\u0440\u0438\u043d\u044f\u0442\u0438\u044f \u0438 \u0441\u043e\u0431\u043b\u044e\u0434\u0435\u043d\u0438\u044f \u043d\u0430\u0441\u0442\u043e\u044f\u0449\u0438\u0445 \u0423\u0441\u043b\u043e\u0432\u0438\u0439. \u041d\u0430\u0441\u0442\u043e\u044f\u0449\u0438\u0435 \u0423\u0441\u043b\u043e\u0432\u0438\u044f \u043f\u0440\u0438\u043c\u0435\u043d\u044f\u044e\u0442\u0441\u044f \u043a\u043e \u0432\u0441\u0435\u043c \u043f\u043e\u0441\u0435\u0442\u0438\u0442\u0435\u043b\u044f\u043c, \u043f\u043e\u043b\u044c\u0437\u043e\u0432\u0430\u0442\u0435\u043b\u044f\u043c \u0438 \u0434\u0440\u0443\u0433\u0438\u043c \u043b\u0438\u0446\u0430\u043c, \u043a\u043e\u0442\u043e\u0440\u044b\u0435 \u043f\u043e\u043b\u0443\u0447\u0430\u044e\u0442 \u0434\u043e\u0441\u0442\u0443\u043f \u043a \u0421\u0435\u0440\u0432\u0438\u0441\u0443 \u0438\u043b\u0438 \u0438\u0441\u043f\u043e\u043b\u044c\u0437\u0443\u044e\u0442 \u0435\u0433\u043e.<\/p>\n<p>\u041f\u043e\u043b\u0443\u0447\u0430\u044f \u0434\u043e\u0441\u0442\u0443\u043f \u043a \u0421\u0435\u0440\u0432\u0438\u0441\u0443 \u0438\u043b\u0438 \u0438\u0441\u043f\u043e\u043b\u044c\u0437\u0443\u044f \u0435\u0433\u043e, \u0432\u044b \u0441\u043e\u0433\u043b\u0430\u0448\u0430\u0435\u0442\u0435\u0441\u044c \u0441\u043e\u0431\u043b\u044e\u0434\u0430\u0442\u044c \u043d\u0430\u0441\u0442\u043e\u044f\u0449\u0438\u0435 \u0423\u0441\u043b\u043e\u0432\u0438\u044f. \u0415\u0441\u043b\u0438 \u0432\u044b \u043d\u0435 \u0441\u043e\u0433\u043b\u0430\u0441\u043d\u044b \u0441 \u043a\u0430\u043a\u043e\u0439-\u043b\u0438\u0431\u043e \u0447\u0430\u0441\u0442\u044c\u044e \u0443\u0441\u043b\u043e\u0432\u0438\u0439, \u0432\u0430\u043c \u043d\u0435 \u0431\u0443\u0434\u0435\u0442 \u0440\u0430\u0437\u0440\u0435\u0448\u0435\u043d \u0434\u043e\u0441\u0442\u0443\u043f \u043a \u0421\u0435\u0440\u0432\u0438\u0441\u0443.<\/p>\n<h3>\u0424\u043e\u0440\u043c\u0430 \u043f\u0440\u043e\u0433\u0440\u0430\u043c\u043c\u0438\u0440\u043e\u0432\u0430\u043d\u0438\u044f<\/h3>\n<p>\u0417\u0430\u043f\u043e\u043b\u043d\u044f\u044f \u0444\u043e\u0440\u043c\u0443 \u0437\u0430\u043f\u0438\u0441\u0438 \u043d\u0430 \u043d\u0430\u0448\u0435\u043c \u0432\u0435\u0431-\u0441\u0430\u0439\u0442\u0435, \u0432\u044b \u043e\u0431\u044f\u0437\u0430\u043d\u044b \u043f\u0440\u0435\u0434\u043e\u0441\u0442\u0430\u0432\u0438\u0442\u044c \u0442\u043e\u0447\u043d\u0443\u044e, \u043f\u043e\u043b\u043d\u0443\u044e \u0438 \u0430\u043a\u0442\u0443\u0430\u043b\u044c\u043d\u0443\u044e \u0438\u043d\u0444\u043e\u0440\u043c\u0430\u0446\u0438\u044e. \u0421\u044e\u0434\u0430 \u0432\u0445\u043e\u0434\u044f\u0442 \u0432\u0430\u0448\u0435 \u0438\u043c\u044f \u0438 \u0444\u0430\u043c\u0438\u043b\u0438\u044f, \u043d\u043e\u043c\u0435\u0440 \u0442\u0435\u043b\u0435\u0444\u043e\u043d\u0430 \u0438 \u0430\u0434\u0440\u0435\u0441 \u044d\u043b\u0435\u043a\u0442\u0440\u043e\u043d\u043d\u043e\u0439 \u043f\u043e\u0447\u0442\u044b. \u041d\u0435\u0441\u043e\u0431\u043b\u044e\u0434\u0435\u043d\u0438\u0435 \u044d\u0442\u043e\u0433\u043e \u0442\u0440\u0435\u0431\u043e\u0432\u0430\u043d\u0438\u044f \u043c\u043e\u0436\u0435\u0442 \u043f\u043e\u0432\u043b\u0438\u044f\u0442\u044c \u043d\u0430 \u043f\u0440\u043e\u0446\u0435\u0441\u0441 \u0437\u0430\u043f\u0438\u0441\u0438 \u0438 \u043f\u043e\u0441\u043b\u0435\u0434\u0443\u044e\u0449\u0435\u0435 \u043e\u0431\u0449\u0435\u043d\u0438\u0435 \u0441 \u043d\u0430\u0448\u0435\u0439 \u043a\u043b\u0438\u043d\u0438\u043a\u043e\u0439.<\/p>\n<p>\u0412\u044b \u0441\u043e\u0433\u043b\u0430\u0448\u0430\u0435\u0442\u0435\u0441\u044c \u043d\u0435 \u0440\u0430\u0437\u0433\u043b\u0430\u0448\u0430\u0442\u044c \u043b\u0438\u0447\u043d\u0443\u044e \u0438\u043d\u0444\u043e\u0440\u043c\u0430\u0446\u0438\u044e, \u043f\u043e\u043b\u0443\u0447\u0435\u043d\u043d\u0443\u044e \u043e\u0442 \u0442\u0440\u0435\u0442\u044c\u0438\u0445 \u043b\u0438\u0446, \u0438 \u043d\u0435\u043c\u0435\u0434\u043b\u0435\u043d\u043d\u043e \u0443\u0432\u0435\u0434\u043e\u043c\u043b\u044f\u0442\u044c \u043d\u0430\u0441 \u043e \u043b\u044e\u0431\u043e\u043c \u043d\u0430\u0440\u0443\u0448\u0435\u043d\u0438\u0438 \u0431\u0435\u0437\u043e\u043f\u0430\u0441\u043d\u043e\u0441\u0442\u0438 \u0438\u043b\u0438 \u043d\u0435\u0441\u0430\u043d\u043a\u0446\u0438\u043e\u043d\u0438\u0440\u043e\u0432\u0430\u043d\u043d\u043e\u043c \u0438\u0441\u043f\u043e\u043b\u044c\u0437\u043e\u0432\u0430\u043d\u0438\u0438 \u0432\u0430\u0448\u0435\u0439 \u0438\u043d\u0444\u043e\u0440\u043c\u0430\u0446\u0438\u0438.<\/p>\n<h3>\u0424\u0430\u0439\u043b\u044b cookie \u0438 reCAPTCHA<\/h3>\n<p>\u041d\u0430\u0448 \u0432\u0435\u0431-\u0441\u0430\u0439\u0442 \u0438\u0441\u043f\u043e\u043b\u044c\u0437\u0443\u0435\u0442 \u0444\u0430\u0439\u043b\u044b cookie \u0434\u043b\u044f \u0443\u043b\u0443\u0447\u0448\u0435\u043d\u0438\u044f \u043f\u0440\u043e\u0441\u043c\u043e\u0442\u0440\u0430 \u0438 \u043e\u0431\u0435\u0441\u043f\u0435\u0447\u0435\u043d\u0438\u044f \u043f\u0440\u0430\u0432\u0438\u043b\u044c\u043d\u043e\u0433\u043e \u0444\u0443\u043d\u043a\u0446\u0438\u043e\u043d\u0438\u0440\u043e\u0432\u0430\u043d\u0438\u044f \u043e\u0441\u043d\u043e\u0432\u043d\u044b\u0445 \u0444\u0443\u043d\u043a\u0446\u0438\u0439. \u041c\u044b \u0442\u0430\u043a\u0436\u0435 \u0438\u0441\u043f\u043e\u043b\u044c\u0437\u0443\u0435\u043c \u0441\u043b\u0443\u0436\u0431\u0443 Google reCAPTCHA \u0434\u043b\u044f \u0437\u0430\u0449\u0438\u0442\u044b \u043e\u0442 \u0441\u043f\u0430\u043c\u0430 \u0438 \u0437\u043b\u043e\u0443\u043f\u043e\u0442\u0440\u0435\u0431\u043b\u0435\u043d\u0438\u0439. \u0418\u0441\u043f\u043e\u043b\u044c\u0437\u043e\u0432\u0430\u043d\u0438\u0435 \u044d\u0442\u0438\u0445 \u0441\u043b\u0443\u0436\u0431 \u0440\u0435\u0433\u0443\u043b\u0438\u0440\u0443\u0435\u0442\u0441\u044f \u043f\u043e\u043b\u0438\u0442\u0438\u043a\u043e\u0439 \u043a\u043e\u043d\u0444\u0438\u0434\u0435\u043d\u0446\u0438\u0430\u043b\u044c\u043d\u043e\u0441\u0442\u0438 \u0438 \u0443\u0441\u043b\u043e\u0432\u0438\u044f\u043c\u0438 \u0438\u0441\u043f\u043e\u043b\u044c\u0437\u043e\u0432\u0430\u043d\u0438\u044f Google.<\/p>\n<h3>\u0418\u043d\u0442\u0435\u043b\u043b\u0435\u043a\u0442\u0443\u0430\u043b\u044c\u043d\u0430\u044f \u0441\u043e\u0431\u0441\u0442\u0432\u0435\u043d\u043d\u043e\u0441\u0442\u044c<\/h3>\n<p>\u0421\u0435\u0440\u0432\u0438\u0441 \u0438 \u0432\u0441\u0435 \u0435\u0433\u043e \u0441\u043e\u0434\u0435\u0440\u0436\u0438\u043c\u043e\u0435, \u0444\u0443\u043d\u043a\u0446\u0438\u0438 \u0438 \u0432\u043e\u0437\u043c\u043e\u0436\u043d\u043e\u0441\u0442\u0438 \u044f\u0432\u043b\u044f\u044e\u0442\u0441\u044f \u0438\u0441\u043a\u043b\u044e\u0447\u0438\u0442\u0435\u043b\u044c\u043d\u043e\u0439 \u0441\u043e\u0431\u0441\u0442\u0432\u0435\u043d\u043d\u043e\u0441\u0442\u044c\u044e SRL \u00abDOCTOR ROMANIUC\u00bb \u0438 \u0435\u0435 \u043b\u0438\u0446\u0435\u043d\u0437\u0438\u0430\u0440\u043e\u0432.<\/p>\n<h3>\u0421\u0441\u044b\u043b\u043a\u0438 \u043d\u0430 \u0434\u0440\u0443\u0433\u0438\u0435 \u0441\u0430\u0439\u0442\u044b<\/h3>\n<p>\u041d\u0430\u0448 \u0421\u0435\u0440\u0432\u0438\u0441 \u043c\u043e\u0436\u0435\u0442 \u0441\u043e\u0434\u0435\u0440\u0436\u0430\u0442\u044c \u0441\u0441\u044b\u043b\u043a\u0438 \u043d\u0430 \u0441\u0442\u043e\u0440\u043e\u043d\u043d\u0438\u0435 \u0432\u0435\u0431-\u0441\u0430\u0439\u0442\u044b, \u043a\u043e\u0442\u043e\u0440\u044b\u0435 \u043d\u0435 \u043f\u0440\u0438\u043d\u0430\u0434\u043b\u0435\u0436\u0430\u0442 \u0438 \u043d\u0435 \u043a\u043e\u043d\u0442\u0440\u043e\u043b\u0438\u0440\u0443\u044e\u0442\u0441\u044f SRL \u00abDOCTOR ROMANIUC\u00bb.<\/p>\n<p>\u041c\u044b \u043d\u0435 \u043a\u043e\u043d\u0442\u0440\u043e\u043b\u0438\u0440\u0443\u0435\u043c \u0438 \u043d\u0435 \u043d\u0435\u0441\u0435\u043c \u043e\u0442\u0432\u0435\u0442\u0441\u0442\u0432\u0435\u043d\u043d\u043e\u0441\u0442\u0438 \u0437\u0430 \u043a\u043e\u043d\u0442\u0435\u043d\u0442, \u043f\u043e\u043b\u0438\u0442\u0438\u043a\u0443 \u043a\u043e\u043d\u0444\u0438\u0434\u0435\u043d\u0446\u0438\u0430\u043b\u044c\u043d\u043e\u0441\u0442\u0438 \u0438\u043b\u0438 \u0434\u0435\u0439\u0441\u0442\u0432\u0438\u044f \u0441\u0442\u043e\u0440\u043e\u043d\u043d\u0438\u0445 \u0432\u0435\u0431-\u0441\u0430\u0439\u0442\u043e\u0432 \u0438\u043b\u0438 \u0432\u0435\u0431-\u0441\u0435\u0440\u0432\u0438\u0441\u043e\u0432. \u0412\u044b \u043f\u0440\u0438\u0437\u043d\u0430\u0435\u0442\u0435 \u0438 \u0441\u043e\u0433\u043b\u0430\u0448\u0430\u0435\u0442\u0435\u0441\u044c \u0441 \u0442\u0435\u043c, \u0447\u0442\u043e SRL \u00abDOCTOR ROMANIUC\u00bb \u043d\u0435 \u043d\u0435\u0441\u0435\u0442 \u043e\u0442\u0432\u0435\u0442\u0441\u0442\u0432\u0435\u043d\u043d\u043e\u0441\u0442\u0438, \u043f\u0440\u044f\u043c\u043e \u0438\u043b\u0438 \u043a\u043e\u0441\u0432\u0435\u043d\u043d\u043e, \u0437\u0430 \u043b\u044e\u0431\u043e\u0439 \u0443\u0449\u0435\u0440\u0431 \u0438\u043b\u0438 \u0443\u0431\u044b\u0442\u043a\u0438, \u0432\u044b\u0437\u0432\u0430\u043d\u043d\u044b\u0435 \u0438\u043b\u0438 \u0432 \u0441\u0432\u044f\u0437\u0438 \u0441 \u0438\u0441\u043f\u043e\u043b\u044c\u0437\u043e\u0432\u0430\u043d\u0438\u0435\u043c \u0438\u043b\u0438 \u0434\u043e\u0432\u0435\u0440\u0438\u0435\u043c \u043a \u0442\u0430\u043a\u043e\u043c\u0443 \u043a\u043e\u043d\u0442\u0435\u043d\u0442\u0443, \u0442\u043e\u0432\u0430\u0440\u0430\u043c \u0438\u043b\u0438 \u0443\u0441\u043b\u0443\u0433\u0430\u043c, \u0434\u043e\u0441\u0442\u0443\u043f\u043d\u044b\u043c \u0447\u0435\u0440\u0435\u0437 \u043b\u044e\u0431\u044b\u0435 \u0442\u0430\u043a\u0438\u0435 \u0441\u0430\u0439\u0442\u044b \u0438\u043b\u0438 \u0432\u0435\u0431-\u0441\u0435\u0440\u0432\u0438\u0441\u044b. .<\/p>\n<h3>\u041e\u0442\u043a\u0430\u0437 \u043e\u0442 \u043e\u0442\u0432\u0435\u0442\u0441\u0442\u0432\u0435\u043d\u043d\u043e\u0441\u0442\u0438<\/h3>\n<p>\u0418\u0441\u043f\u043e\u043b\u044c\u0437\u043e\u0432\u0430\u043d\u0438\u0435 \u044d\u0442\u043e\u0433\u043e \u0441\u0430\u0439\u0442\u0430 \u0438 \u0443\u0441\u043b\u0443\u0433, \u043f\u0440\u0435\u0434\u043b\u0430\u0433\u0430\u0435\u043c\u044b\u0445 \u0447\u0435\u0440\u0435\u0437 \u043d\u0435\u0433\u043e, \u043e\u0441\u0443\u0449\u0435\u0441\u0442\u0432\u043b\u044f\u0435\u0442\u0441\u044f \u043d\u0430 \u0441\u043e\u0431\u0441\u0442\u0432\u0435\u043d\u043d\u044b\u0439 \u0440\u0438\u0441\u043a \u043f\u043e\u043b\u044c\u0437\u043e\u0432\u0430\u0442\u0435\u043b\u0435\u0439. \u0421\u0430\u0439\u0442 \u043f\u0440\u0435\u0434\u043e\u0441\u0442\u0430\u0432\u043b\u044f\u0435\u0442\u0441\u044f \u00ab\u043a\u0430\u043a \u0435\u0441\u0442\u044c\u00bb \u0438 \u00ab\u043a\u0430\u043a \u0434\u043e\u0441\u0442\u0443\u043f\u0435\u043d\u00bb \u0431\u0435\u0437 \u043a\u0430\u043a\u0438\u0445-\u043b\u0438\u0431\u043e \u0433\u0430\u0440\u0430\u043d\u0442\u0438\u0439, \u044f\u0432\u043d\u044b\u0445 \u0438\u043b\u0438 \u043f\u043e\u0434\u0440\u0430\u0437\u0443\u043c\u0435\u0432\u0430\u0435\u043c\u044b\u0445. \u041e\u043f\u0435\u0440\u0430\u0442\u043e\u0440 \u0441\u0430\u0439\u0442\u0430 \u043d\u0435 \u0433\u0430\u0440\u0430\u043d\u0442\u0438\u0440\u0443\u0435\u0442 \u0442\u043e\u0447\u043d\u043e\u0441\u0442\u044c, \u043f\u043e\u043b\u043d\u043e\u0442\u0443 \u0438 \u0434\u043e\u0441\u0442\u043e\u0432\u0435\u0440\u043d\u043e\u0441\u0442\u044c \u0438\u043d\u0444\u043e\u0440\u043c\u0430\u0446\u0438\u0438, \u0440\u0430\u0437\u043c\u0435\u0449\u0435\u043d\u043d\u043e\u0439 \u043d\u0430 \u0441\u0430\u0439\u0442\u0435, \u0438 \u043d\u0435 \u043d\u0435\u0441\u0435\u0442 \u043e\u0442\u0432\u0435\u0442\u0441\u0442\u0432\u0435\u043d\u043d\u043e\u0441\u0442\u0438 \u0437\u0430 \u043e\u0448\u0438\u0431\u043a\u0438 \u0438\u043b\u0438 \u0443\u043f\u0443\u0449\u0435\u043d\u0438\u044f \u0432 \u0435\u0435 \u0441\u043e\u0434\u0435\u0440\u0436\u0430\u043d\u0438\u0438. \u041c\u044b \u0442\u0430\u043a\u0436\u0435 \u043d\u0435 \u0433\u0430\u0440\u0430\u043d\u0442\u0438\u0440\u0443\u0435\u043c, \u0447\u0442\u043e \u0421\u0430\u0439\u0442 \u0431\u0443\u0434\u0435\u0442 \u043f\u043e\u0441\u0442\u043e\u044f\u043d\u043d\u043e \u0434\u043e\u0441\u0442\u0443\u043f\u0435\u043d, \u0441\u0432\u043e\u0435\u0432\u0440\u0435\u043c\u0435\u043d\u0435\u043d, \u0431\u0435\u0437\u043e\u043f\u0430\u0441\u0435\u043d \u0438 \u0431\u0435\u0437\u043e\u0448\u0438\u0431\u043e\u0447\u0435\u043d.<\/p>\n<p>\u041f\u043e\u043b\u044c\u0437\u043e\u0432\u0430\u0442\u0435\u043b\u0438 \u043d\u0435\u0441\u0443\u0442 \u043e\u0442\u0432\u0435\u0442\u0441\u0442\u0432\u0435\u043d\u043d\u043e\u0441\u0442\u044c \u0437\u0430 \u043f\u0440\u043e\u0432\u0435\u0440\u043a\u0443 \u0438\u043d\u0444\u043e\u0440\u043c\u0430\u0446\u0438\u0438, \u043f\u0440\u0435\u0434\u0441\u0442\u0430\u0432\u043b\u0435\u043d\u043d\u043e\u0439 \u043d\u0430 \u0441\u0430\u0439\u0442\u0435, \u043f\u0440\u0435\u0436\u0434\u0435 \u0447\u0435\u043c \u043f\u0440\u0435\u0434\u043f\u0440\u0438\u043d\u0438\u043c\u0430\u0442\u044c \u043a\u0430\u043a\u0438\u0435-\u043b\u0438\u0431\u043e \u0434\u0435\u0439\u0441\u0442\u0432\u0438\u044f \u043d\u0430 \u0435\u0435 \u043e\u0441\u043d\u043e\u0432\u0435. \u041e\u043f\u0435\u0440\u0430\u0442\u043e\u0440 \u0441\u0430\u0439\u0442\u0430 \u043d\u0435 \u043d\u0435\u0441\u0435\u0442 \u043e\u0442\u0432\u0435\u0442\u0441\u0442\u0432\u0435\u043d\u043d\u043e\u0441\u0442\u0438 \u0437\u0430 \u043b\u044e\u0431\u044b\u0435 \u043f\u0440\u044f\u043c\u044b\u0435, \u043a\u043e\u0441\u0432\u0435\u043d\u043d\u044b\u0435, \u0441\u043b\u0443\u0447\u0430\u0439\u043d\u044b\u0435, \u043e\u0441\u043e\u0431\u044b\u0435 \u0438\u043b\u0438 \u043a\u043e\u0441\u0432\u0435\u043d\u043d\u044b\u0435 \u0443\u0431\u044b\u0442\u043a\u0438, \u0432\u043e\u0437\u043d\u0438\u043a\u0448\u0438\u0435 \u0432 \u0440\u0435\u0437\u0443\u043b\u044c\u0442\u0430\u0442\u0435 \u0438\u0441\u043f\u043e\u043b\u044c\u0437\u043e\u0432\u0430\u043d\u0438\u044f \u0438\u043b\u0438 \u043d\u0435\u0432\u043e\u0437\u043c\u043e\u0436\u043d\u043e\u0441\u0442\u0438 \u0438\u0441\u043f\u043e\u043b\u044c\u0437\u043e\u0432\u0430\u043d\u0438\u044f \u0441\u0430\u0439\u0442\u0430 \u0438\u043b\u0438 \u0443\u0441\u043b\u0443\u0433.<\/p>\n<h3>\u041f\u0440\u0438\u043c\u0435\u043d\u0438\u043c\u043e\u0435 \u043f\u0440\u0430\u0432\u043e<\/h3>\n<p>\u041d\u0430\u0441\u0442\u043e\u044f\u0449\u0438\u0435 \u0423\u0441\u043b\u043e\u0432\u0438\u044f \u0431\u0443\u0434\u0443\u0442 \u0440\u0435\u0433\u0443\u043b\u0438\u0440\u043e\u0432\u0430\u0442\u044c\u0441\u044f \u0438 \u0438\u043d\u0442\u0435\u0440\u043f\u0440\u0435\u0442\u0438\u0440\u043e\u0432\u0430\u0442\u044c\u0441\u044f \u0432 \u0441\u043e\u043e\u0442\u0432\u0435\u0442\u0441\u0442\u0432\u0438\u0438 \u0441 \u0437\u0430\u043a\u043e\u043d\u043e\u0434\u0430\u0442\u0435\u043b\u044c\u0441\u0442\u0432\u043e\u043c \u0420\u0435\u0441\u043f\u0443\u0431\u043b\u0438\u043a\u0438 \u041c\u043e\u043b\u0434\u043e\u0432\u0430, \u0431\u0435\u0437 \u0443\u0447\u0435\u0442\u0430 \u043f\u043e\u043b\u043e\u0436\u0435\u043d\u0438\u0439 \u043a\u043e\u043b\u043b\u0438\u0437\u0438\u043e\u043d\u043d\u043e\u0433\u043e \u043f\u0440\u0430\u0432\u0430.<\/p>\n<h3>\u0421\u0432\u044f\u0437\u0430\u0442\u044c\u0441\u044f \u0441 \u043d\u0430\u043c\u0438<\/h3>\n<p>\u0415\u0441\u043b\u0438 \u0443 \u0432\u0430\u0441 \u0435\u0441\u0442\u044c \u043a\u0430\u043a\u0438\u0435-\u043b\u0438\u0431\u043e \u0432\u043e\u043f\u0440\u043e\u0441\u044b \u043f\u043e \u043f\u043e\u0432\u043e\u0434\u0443 \u043d\u0430\u0441\u0442\u043e\u044f\u0449\u0438\u0445 \u0423\u0441\u043b\u043e\u0432\u0438\u0439, \u0432\u044b \u043c\u043e\u0436\u0435\u0442\u0435 \u0441\u0432\u044f\u0437\u0430\u0442\u044c\u0441\u044f \u0441 \u043d\u0430\u043c\u0438 \u043f\u043e \u044d\u043b\u0435\u043a\u0442\u0440\u043e\u043d\u043d\u043e\u0439 \u043f\u043e\u0447\u0442\u0435 info@dr-romaniuc.md \u0438\u043b\u0438 \u043f\u043e \u0430\u0434\u0440\u0435\u0441\u0443 \u0443\u043b. \u0413\u0438\u043d\u0442\u0430 \u041b\u0430\u0442\u0438\u043d\u044d, 10, \u041a\u0438\u0448\u0438\u043d\u0435\u0432, \u041c\u043e\u043b\u0434\u043e\u0432\u0430.<\/p>","protected":false},"excerpt":{"rendered":"<p>V\u0103 rug\u0103m s\u0103 citi\u021bi cu aten\u021bie ace\u0219ti Termeni \u0219i Condi\u021bii \u00eenainte de a utiliza site-ul www.dr-romaniuc.md, operat de SRL \u201eDOCTOR ROMANIUC\u201d. Accesul dumneavoastr\u0103 \u0219i utilizarea serviciului sunt condi\u021bionate de acceptarea \u0219i respectarea acestor Termeni. Ace\u0219ti Termeni se aplic\u0103 tuturor vizitatorilor, utilizatorilor \u0219i altor persoane care acceseaz\u0103 sau utilizeaz\u0103 Serviciul. Prin accesarea sau utilizarea Serviciului, v\u0103 [&hellip;]<\/p>","protected":false},"author":1,"featured_media":0,"parent":0,"menu_order":0,"comment_status":"closed","ping_status":"closed","template":"","meta":{"_acf_changed":false,"footnotes":""},"class_list":["post-52","page","type-page","status-publish","format-standard","hentry"],"acf":[],"yoast_head":"<!-- This site is optimized with the Yoast SEO plugin v26.9 - https:\/\/yoast.com\/product\/yoast-seo-wordpress\/ -->\n<title>Termeni \u0219i condi\u021bii &#062; Dr. Romaniuc<\/title>\n<meta name=\"robots\" content=\"index, follow, max-snippet:-1, max-image-preview:large, max-video-preview:-1\" \/>\n<link rel=\"canonical\" href=\"https:\/\/dr-romaniuc.md\/ru\/termeni-si-conditii\/\" \/>\n<meta property=\"og:locale\" content=\"ru_RU\" \/>\n<meta property=\"og:type\" content=\"article\" \/>\n<meta property=\"og:title\" content=\"Termeni \u0219i condi\u021bii &#062; Dr. Romaniuc\" \/>\n<meta property=\"og:description\" content=\"V\u0103 rug\u0103m s\u0103 citi\u021bi cu aten\u021bie ace\u0219ti Termeni \u0219i Condi\u021bii \u00eenainte de a utiliza site-ul www.dr-romaniuc.md, operat de SRL \u201eDOCTOR ROMANIUC\u201d. Accesul dumneavoastr\u0103 \u0219i utilizarea serviciului sunt condi\u021bionate de acceptarea \u0219i respectarea acestor Termeni. Ace\u0219ti Termeni se aplic\u0103 tuturor vizitatorilor, utilizatorilor \u0219i altor persoane care acceseaz\u0103 sau utilizeaz\u0103 Serviciul. Prin accesarea sau utilizarea Serviciului, v\u0103 [&hellip;]\" \/>\n<meta property=\"og:url\" content=\"https:\/\/dr-romaniuc.md\/ru\/termeni-si-conditii\/\" \/>\n<meta property=\"og:site_name\" content=\"Dr. Romaniuc\" \/>\n<meta property=\"article:modified_time\" content=\"2026-01-28T15:25:15+00:00\" \/>\n<meta name=\"twitter:card\" content=\"summary_large_image\" \/>\n<meta name=\"twitter:label1\" content=\"Est. reading time\" \/>\n\t<meta name=\"twitter:data1\" content=\"3 \u043c\u0438\u043d\u0443\u0442\u044b\" \/>\n<!-- \/ Yoast SEO plugin. -->","yoast_head_json":{"title":"Termeni \u0219i condi\u021bii &#062; Dr. Romaniuc","robots":{"index":"index","follow":"follow","max-snippet":"max-snippet:-1","max-image-preview":"max-image-preview:large","max-video-preview":"max-video-preview:-1"},"canonical":"https:\/\/dr-romaniuc.md\/ru\/termeni-si-conditii\/","og_locale":"ru_RU","og_type":"article","og_title":"Termeni \u0219i condi\u021bii &#062; Dr. Romaniuc","og_description":"V\u0103 rug\u0103m s\u0103 citi\u021bi cu aten\u021bie ace\u0219ti Termeni \u0219i Condi\u021bii \u00eenainte de a utiliza site-ul www.dr-romaniuc.md, operat de SRL \u201eDOCTOR ROMANIUC\u201d. Accesul dumneavoastr\u0103 \u0219i utilizarea serviciului sunt condi\u021bionate de acceptarea \u0219i respectarea acestor Termeni. Ace\u0219ti Termeni se aplic\u0103 tuturor vizitatorilor, utilizatorilor \u0219i altor persoane care acceseaz\u0103 sau utilizeaz\u0103 Serviciul. Prin accesarea sau utilizarea Serviciului, v\u0103 [&hellip;]","og_url":"https:\/\/dr-romaniuc.md\/ru\/termeni-si-conditii\/","og_site_name":"Dr. Romaniuc","article_modified_time":"2026-01-28T15:25:15+00:00","twitter_card":"summary_large_image","twitter_misc":{"Est. reading time":"3 \u043c\u0438\u043d\u0443\u0442\u044b"},"schema":{"@context":"https:\/\/schema.org","@graph":[{"@type":"WebPage","@id":"https:\/\/dr-romaniuc.md\/termeni-si-conditii\/","url":"https:\/\/dr-romaniuc.md\/termeni-si-conditii\/","name":"Termeni \u0219i condi\u021bii &#062; Dr. Romaniuc","isPartOf":{"@id":"https:\/\/dr-romaniuc.md\/#website"},"datePublished":"2026-01-28T15:20:17+00:00","dateModified":"2026-01-28T15:25:15+00:00","breadcrumb":{"@id":"https:\/\/dr-romaniuc.md\/termeni-si-conditii\/#breadcrumb"},"inLanguage":"ru-RU","potentialAction":[{"@type":"ReadAction","target":["https:\/\/dr-romaniuc.md\/termeni-si-conditii\/"]}]},{"@type":"BreadcrumbList","@id":"https:\/\/dr-romaniuc.md\/termeni-si-conditii\/#breadcrumb","itemListElement":[{"@type":"ListItem","position":1,"name":"Home","item":"https:\/\/dr-romaniuc.md\/"},{"@type":"ListItem","position":2,"name":"Termeni \u0219i condi\u021bii"}]},{"@type":"WebSite","@id":"https:\/\/dr-romaniuc.md\/#website","url":"https:\/\/dr-romaniuc.md\/","name":"Dr. Romaniuc","description":"Clinic\u0103 stomatologic\u0103","publisher":{"@id":"https:\/\/dr-romaniuc.md\/#organization"},"potentialAction":[{"@type":"SearchAction","target":{"@type":"EntryPoint","urlTemplate":"https:\/\/dr-romaniuc.md\/?s={search_term_string}"},"query-input":{"@type":"PropertyValueSpecification","valueRequired":true,"valueName":"search_term_string"}}],"inLanguage":"ru-RU"},{"@type":"Organization","@id":"https:\/\/dr-romaniuc.md\/#organization","name":"Dr. Romaniuc","url":"https:\/\/dr-romaniuc.md\/","logo":{"@type":"ImageObject","inLanguage":"ru-RU","@id":"https:\/\/dr-romaniuc.md\/#\/schema\/logo\/image\/","url":"https:\/\/dr-romaniuc.md\/wp-content\/uploads\/2026\/01\/Logo.svg","contentUrl":"https:\/\/dr-romaniuc.md\/wp-content\/uploads\/2026\/01\/Logo.svg","caption":"Dr. Romaniuc"},"image":{"@id":"https:\/\/dr-romaniuc.md\/#\/schema\/logo\/image\/"}}]}},"_links":{"self":[{"href":"https:\/\/dr-romaniuc.md\/ru\/wp-json\/wp\/v2\/pages\/52","targetHints":{"allow":["GET"]}}],"collection":[{"href":"https:\/\/dr-romaniuc.md\/ru\/wp-json\/wp\/v2\/pages"}],"about":[{"href":"https:\/\/dr-romaniuc.md\/ru\/wp-json\/wp\/v2\/types\/page"}],"author":[{"embeddable":true,"href":"https:\/\/dr-romaniuc.md\/ru\/wp-json\/wp\/v2\/users\/1"}],"replies":[{"embeddable":true,"href":"https:\/\/dr-romaniuc.md\/ru\/wp-json\/wp\/v2\/comments?post=52"}],"version-history":[{"count":2,"href":"https:\/\/dr-romaniuc.md\/ru\/wp-json\/wp\/v2\/pages\/52\/revisions"}],"predecessor-version":[{"id":56,"href":"https:\/\/dr-romaniuc.md\/ru\/wp-json\/wp\/v2\/pages\/52\/revisions\/56"}],"wp:attachment":[{"href":"https:\/\/dr-romaniuc.md\/ru\/wp-json\/wp\/v2\/media?parent=52"}],"curies":[{"name":"wp","href":"https:\/\/api.w.org\/{rel}","templated":true}]}}