{"id":492,"date":"2026-02-12T23:23:44","date_gmt":"2026-02-12T23:23:44","guid":{"rendered":"https:\/\/dr-romaniuc.md\/?page_id=492"},"modified":"2026-02-12T23:24:07","modified_gmt":"2026-02-12T23:24:07","slug":"thank-page-4kids","status":"publish","type":"page","link":"https:\/\/dr-romaniuc.md\/ru\/thank-page-4kids\/","title":{"rendered":"Thank you page 4KIDS"},"content":{"rendered":"<h1 style=\"text-align: center;\">\u0411\u043b\u0430\u0433\u043e\u0434\u0430\u0440\u0438\u043c \u0432\u0430\u0441 \u0437\u0430 \u0434\u043e\u0432\u0435\u0440\u0438\u0435! \u041d\u0430\u0448\u0430 \u043a\u043e\u043c\u0430\u043d\u0434\u0430 \u043f\u043e\u043b\u0443\u0447\u0438\u043b\u0430 \u0432\u0430\u0448 \u0437\u0430\u043f\u0440\u043e\u0441 \u0438 \u0441\u0432\u044f\u0436\u0435\u0442\u0441\u044f \u0441 \u0432\u0430\u043c\u0438 \u0432 \u0431\u043b\u0438\u0436\u0430\u0439\u0448\u0435\u0435 \u0432\u0440\u0435\u043c\u044f, \u0447\u0442\u043e\u0431\u044b \u043e\u0431\u0441\u0443\u0434\u0438\u0442\u044c \u0434\u0435\u0442\u0430\u043b\u0438 \u0434\u0430\u043b\u044c\u043d\u0435\u0439\u0448\u0438\u0445 \u0434\u0435\u0439\u0441\u0442\u0432\u0438\u0439. \u041c\u044b \u0440\u0430\u0434\u044b \u0431\u044b\u0442\u044c \u0440\u044f\u0434\u043e\u043c \u0441 \u0432\u0430\u043c\u0438 \u043d\u0430 \u043f\u0443\u0442\u0438 \u043a \u0438\u0434\u0435\u0430\u043b\u044c\u043d\u043e\u0439 \u0443\u043b\u044b\u0431\u043a\u0435!<\/h1>","protected":false},"excerpt":{"rendered":"<p>\u0411\u043b\u0430\u0433\u043e\u0434\u0430\u0440\u0438\u043c \u0432\u0430\u0441 \u0437\u0430 \u0434\u043e\u0432\u0435\u0440\u0438\u0435! \u041d\u0430\u0448\u0430 \u043a\u043e\u043c\u0430\u043d\u0434\u0430 \u043f\u043e\u043b\u0443\u0447\u0438\u043b\u0430 \u0432\u0430\u0448 \u0437\u0430\u043f\u0440\u043e\u0441 \u0438 \u0441\u0432\u044f\u0436\u0435\u0442\u0441\u044f \u0441 \u0432\u0430\u043c\u0438 \u0432 \u0431\u043b\u0438\u0436\u0430\u0439\u0448\u0435\u0435 \u0432\u0440\u0435\u043c\u044f, \u0447\u0442\u043e\u0431\u044b \u043e\u0431\u0441\u0443\u0434\u0438\u0442\u044c \u0434\u0435\u0442\u0430\u043b\u0438 \u0434\u0430\u043b\u044c\u043d\u0435\u0439\u0448\u0438\u0445 \u0434\u0435\u0439\u0441\u0442\u0432\u0438\u0439. \u041c\u044b \u0440\u0430\u0434\u044b \u0431\u044b\u0442\u044c \u0440\u044f\u0434\u043e\u043c \u0441 \u0432\u0430\u043c\u0438 \u043d\u0430 \u043f\u0443\u0442\u0438 \u043a \u0438\u0434\u0435\u0430\u043b\u044c\u043d\u043e\u0439 \u0443\u043b\u044b\u0431\u043a\u0435!<\/p>","protected":false},"author":1,"featured_media":0,"parent":0,"menu_order":0,"comment_status":"closed","ping_status":"closed","template":"templates\/thank-you-general.php","meta":{"_acf_changed":false,"footnotes":""},"class_list":["post-492","page","type-page","status-publish","format-standard","hentry"],"acf":[],"yoast_head":"<!-- This site is optimized with the Yoast SEO plugin v26.9 - https:\/\/yoast.com\/product\/yoast-seo-wordpress\/ -->\n<title>Thank you page 4KIDS &#062; Dr. Romaniuc<\/title>\n<meta name=\"robots\" content=\"index, follow, max-snippet:-1, max-image-preview:large, max-video-preview:-1\" \/>\n<link rel=\"canonical\" href=\"https:\/\/dr-romaniuc.md\/ru\/thank-page-4kids\/\" \/>\n<meta property=\"og:locale\" content=\"ru_RU\" \/>\n<meta property=\"og:type\" content=\"article\" \/>\n<meta property=\"og:title\" content=\"Thank you page 4KIDS &#062; Dr. Romaniuc\" \/>\n<meta property=\"og:description\" content=\"V\u0103 mul\u021bumim pentru \u00eencredere! Echipa noastr\u0103 a primit solicitarea dvs. \u0219i v\u0103 va contacta \u00een cur\u00e2nd pentru a discuta detaliile urm\u0103torilor pa\u0219i. Suntem bucuro\u0219i s\u0103 v\u0103 fim al\u0103turi \u00een c\u0103l\u0103toria spre un z\u00e2mbet perfect!\" \/>\n<meta property=\"og:url\" content=\"https:\/\/dr-romaniuc.md\/ru\/thank-page-4kids\/\" \/>\n<meta property=\"og:site_name\" content=\"Dr. Romaniuc\" \/>\n<meta property=\"article:modified_time\" content=\"2026-02-12T23:24:07+00:00\" \/>\n<meta name=\"twitter:card\" content=\"summary_large_image\" \/>\n<!-- \/ Yoast SEO plugin. -->","yoast_head_json":{"title":"Thank you page 4KIDS &#062; Dr. Romaniuc","robots":{"index":"index","follow":"follow","max-snippet":"max-snippet:-1","max-image-preview":"max-image-preview:large","max-video-preview":"max-video-preview:-1"},"canonical":"https:\/\/dr-romaniuc.md\/ru\/thank-page-4kids\/","og_locale":"ru_RU","og_type":"article","og_title":"Thank you page 4KIDS &#062; Dr. Romaniuc","og_description":"V\u0103 mul\u021bumim pentru \u00eencredere! Echipa noastr\u0103 a primit solicitarea dvs. \u0219i v\u0103 va contacta \u00een cur\u00e2nd pentru a discuta detaliile urm\u0103torilor pa\u0219i. Suntem bucuro\u0219i s\u0103 v\u0103 fim al\u0103turi \u00een c\u0103l\u0103toria spre un z\u00e2mbet perfect!","og_url":"https:\/\/dr-romaniuc.md\/ru\/thank-page-4kids\/","og_site_name":"Dr. Romaniuc","article_modified_time":"2026-02-12T23:24:07+00:00","twitter_card":"summary_large_image","schema":{"@context":"https:\/\/schema.org","@graph":[{"@type":"WebPage","@id":"https:\/\/dr-romaniuc.md\/thank-page-4kids\/","url":"https:\/\/dr-romaniuc.md\/thank-page-4kids\/","name":"Thank you page 4KIDS &#062; Dr. Romaniuc","isPartOf":{"@id":"https:\/\/dr-romaniuc.md\/#website"},"datePublished":"2026-02-12T23:23:44+00:00","dateModified":"2026-02-12T23:24:07+00:00","breadcrumb":{"@id":"https:\/\/dr-romaniuc.md\/thank-page-4kids\/#breadcrumb"},"inLanguage":"ru-RU","potentialAction":[{"@type":"ReadAction","target":["https:\/\/dr-romaniuc.md\/thank-page-4kids\/"]}]},{"@type":"BreadcrumbList","@id":"https:\/\/dr-romaniuc.md\/thank-page-4kids\/#breadcrumb","itemListElement":[{"@type":"ListItem","position":1,"name":"Home","item":"https:\/\/dr-romaniuc.md\/"},{"@type":"ListItem","position":2,"name":"Thank you page 4KIDS"}]},{"@type":"WebSite","@id":"https:\/\/dr-romaniuc.md\/#website","url":"https:\/\/dr-romaniuc.md\/","name":"Dr. Romaniuc","description":"Clinic\u0103 stomatologic\u0103","publisher":{"@id":"https:\/\/dr-romaniuc.md\/#organization"},"potentialAction":[{"@type":"SearchAction","target":{"@type":"EntryPoint","urlTemplate":"https:\/\/dr-romaniuc.md\/?s={search_term_string}"},"query-input":{"@type":"PropertyValueSpecification","valueRequired":true,"valueName":"search_term_string"}}],"inLanguage":"ru-RU"},{"@type":"Organization","@id":"https:\/\/dr-romaniuc.md\/#organization","name":"Dr. Romaniuc","url":"https:\/\/dr-romaniuc.md\/","logo":{"@type":"ImageObject","inLanguage":"ru-RU","@id":"https:\/\/dr-romaniuc.md\/#\/schema\/logo\/image\/","url":"https:\/\/dr-romaniuc.md\/wp-content\/uploads\/2026\/01\/Logo.svg","contentUrl":"https:\/\/dr-romaniuc.md\/wp-content\/uploads\/2026\/01\/Logo.svg","caption":"Dr. Romaniuc"},"image":{"@id":"https:\/\/dr-romaniuc.md\/#\/schema\/logo\/image\/"}}]}},"_links":{"self":[{"href":"https:\/\/dr-romaniuc.md\/ru\/wp-json\/wp\/v2\/pages\/492","targetHints":{"allow":["GET"]}}],"collection":[{"href":"https:\/\/dr-romaniuc.md\/ru\/wp-json\/wp\/v2\/pages"}],"about":[{"href":"https:\/\/dr-romaniuc.md\/ru\/wp-json\/wp\/v2\/types\/page"}],"author":[{"embeddable":true,"href":"https:\/\/dr-romaniuc.md\/ru\/wp-json\/wp\/v2\/users\/1"}],"replies":[{"embeddable":true,"href":"https:\/\/dr-romaniuc.md\/ru\/wp-json\/wp\/v2\/comments?post=492"}],"version-history":[{"count":2,"href":"https:\/\/dr-romaniuc.md\/ru\/wp-json\/wp\/v2\/pages\/492\/revisions"}],"predecessor-version":[{"id":494,"href":"https:\/\/dr-romaniuc.md\/ru\/wp-json\/wp\/v2\/pages\/492\/revisions\/494"}],"wp:attachment":[{"href":"https:\/\/dr-romaniuc.md\/ru\/wp-json\/wp\/v2\/media?parent=492"}],"curies":[{"name":"wp","href":"https:\/\/api.w.org\/{rel}","templated":true}]}}