{"id":118,"date":"2026-01-28T22:33:26","date_gmt":"2026-01-28T22:33:26","guid":{"rendered":"https:\/\/dr-romaniuc.md\/?page_id=118"},"modified":"2026-01-28T23:47:01","modified_gmt":"2026-01-28T23:47:01","slug":"servicii-generale-stomatologice","status":"publish","type":"page","link":"https:\/\/dr-romaniuc.md\/ru\/servicii\/servicii-generale-stomatologice\/","title":{"rendered":"\u041e\u0431\u0449\u0430\u044f \u0441\u0442\u043e\u043c\u0430\u0442\u043e\u043b\u043e\u0433\u0438\u044f"},"content":{"rendered":"<h1>\u041e\u0431\u0449\u0430\u044f \u0441\u0442\u043e\u043c\u0430\u0442\u043e\u043b\u043e\u0433\u0438\u044f \u2013 \u041a\u043e\u043c\u043f\u043b\u0435\u043a\u0441\u043d\u044b\u0439 \u0443\u0445\u043e\u0434 \u0437\u0430 \u0437\u0434\u043e\u0440\u043e\u0432\u044c\u0435\u043c \u0432\u0430\u0448\u0435\u0439 \u0443\u043b\u044b\u0431\u043a\u0438<\/h1>\n<div class=\"elementor-element elementor-element-6900f22d e-flex e-con-boxed e-con e-parent\" data-id=\"6900f22d\" data-element_type=\"container\" data-core-v316-plus=\"true\">\n<div class=\"e-con-inner\">\n<div class=\"elementor-element elementor-element-656a209b elementor-widget elementor-widget-text-editor\" data-id=\"656a209b\" data-element_type=\"widget\" data-widget_type=\"text-editor.default\">\n<div class=\"elementor-widget-container\">\n<p>\u0412 \u0441\u0442\u043e\u043c\u0430\u0442\u043e\u043b\u043e\u0433\u0438\u0447\u0435\u0441\u043a\u043e\u0439 \u043a\u043b\u0438\u043d\u0438\u043a\u0435 Dr. Romaniuc \u043c\u044b \u0441\u0442\u0440\u0435\u043c\u0438\u043c\u0441\u044f \u043f\u0440\u0435\u0434\u043e\u0441\u0442\u0430\u0432\u0438\u0442\u044c \u0432\u0430\u043c \u043b\u0443\u0447\u0448\u0435\u0435 \u0441\u0442\u043e\u043c\u0430\u0442\u043e\u043b\u043e\u0433\u0438\u0447\u0435\u0441\u043a\u043e\u0435 \u043e\u0431\u0441\u043b\u0443\u0436\u0438\u0432\u0430\u043d\u0438\u0435, \u0431\u0443\u0434\u044c \u0442\u043e \u043f\u043b\u0430\u043d\u043e\u0432\u044b\u0439 \u043e\u0441\u043c\u043e\u0442\u0440 \u0438\u043b\u0438 \u0431\u043e\u043b\u0435\u0435 \u0441\u043b\u043e\u0436\u043d\u043e\u0435 \u043b\u0435\u0447\u0435\u043d\u0438\u0435. \u041d\u0430\u0448\u0438 \u043e\u0431\u0449\u0438\u0435 \u0441\u0442\u043e\u043c\u0430\u0442\u043e\u043b\u043e\u0433\u0438\u0447\u0435\u0441\u043a\u0438\u0435 \u0443\u0441\u043b\u0443\u0433\u0438 \u0440\u0430\u0437\u0440\u0430\u0431\u043e\u0442\u0430\u043d\u044b \u0434\u043b\u044f \u0442\u043e\u0433\u043e, \u0447\u0442\u043e\u0431\u044b \u043f\u0440\u0435\u0434\u043e\u0442\u0432\u0440\u0430\u0442\u0438\u0442\u044c \u0432\u043e\u0437\u043d\u0438\u043a\u043d\u043e\u0432\u0435\u043d\u0438\u0435 \u0437\u0443\u0431\u043d\u044b\u0445 \u043f\u0440\u043e\u0431\u043b\u0435\u043c \u0438 \u043f\u043e\u0434\u0434\u0435\u0440\u0436\u0438\u0432\u0430\u0442\u044c \u0432\u0430\u0448\u0443 \u0443\u043b\u044b\u0431\u043a\u0443 \u0437\u0434\u043e\u0440\u043e\u0432\u043e\u0439 \u0438 \u0441\u0438\u044f\u044e\u0449\u0435\u0439 \u0432 \u0434\u043e\u043b\u0433\u043e\u0441\u0440\u043e\u0447\u043d\u043e\u0439 \u043f\u0435\u0440\u0441\u043f\u0435\u043a\u0442\u0438\u0432\u0435.<\/p>\n<p>\u0423\u0445\u043e\u0434 \u0437\u0430 \u043f\u043e\u043b\u043e\u0441\u0442\u044c\u044e \u0440\u0442\u0430 \u2013 \u044d\u0442\u043e \u043d\u0435 \u0442\u043e\u043b\u044c\u043a\u043e \u0440\u0435\u0448\u0435\u043d\u0438\u0435 \u0441\u0443\u0449\u0435\u0441\u0442\u0432\u0443\u044e\u0449\u0438\u0445 \u043f\u0440\u043e\u0431\u043b\u0435\u043c, \u043d\u043e \u0438 \u0438\u0445 \u043f\u0440\u0435\u0434\u043e\u0442\u0432\u0440\u0430\u0449\u0435\u043d\u0438\u0435. \u0420\u0435\u0433\u0443\u043b\u044f\u0440\u043d\u044b\u0435 \u0432\u0438\u0437\u0438\u0442\u044b \u043a \u0441\u0442\u043e\u043c\u0430\u0442\u043e\u043b\u043e\u0433\u0443 \u0432\u0430\u0436\u043d\u044b \u0434\u043b\u044f \u0440\u0430\u043d\u043d\u0435\u0433\u043e \u0432\u044b\u044f\u0432\u043b\u0435\u043d\u0438\u044f \u043b\u044e\u0431\u044b\u0445 \u0437\u0430\u0431\u043e\u043b\u0435\u0432\u0430\u043d\u0438\u0439 \u0438 \u043f\u043e\u043b\u0443\u0447\u0435\u043d\u0438\u044f \u043f\u0435\u0440\u0441\u043e\u043d\u0430\u043b\u0438\u0437\u0438\u0440\u043e\u0432\u0430\u043d\u043d\u044b\u0445 \u0440\u0435\u043a\u043e\u043c\u0435\u043d\u0434\u0430\u0446\u0438\u0439 \u043f\u043e \u0443\u0445\u043e\u0434\u0443 \u0437\u0430 \u043f\u043e\u043b\u043e\u0441\u0442\u044c\u044e \u0440\u0442\u0430.<\/p>\n<p><strong>\u0427\u0442\u043e \u0432\u043a\u043b\u044e\u0447\u0430\u044e\u0442 \u043d\u0430\u0448\u0438 \u043e\u0431\u0449\u0438\u0435 \u0441\u0442\u043e\u043c\u0430\u0442\u043e\u043b\u043e\u0433\u0438\u0447\u0435\u0441\u043a\u0438\u0435 \u0443\u0441\u043b\u0443\u0433\u0438?<\/strong><\/p>\n<ol class=\"wp-block-list\">\n<li><strong>\u041f\u0435\u0440\u0438\u043e\u0434\u0438\u0447\u0435\u0441\u043a\u0438\u0435 \u043e\u0441\u043c\u043e\u0442\u0440\u044b \u0438 \u043f\u0440\u043e\u0444\u0438\u043b\u0430\u043a\u0442\u0438\u043a\u0430:<\/strong>\u00a0\u0420\u0435\u0433\u0443\u043b\u044f\u0440\u043d\u044b\u0435 \u0432\u0438\u0437\u0438\u0442\u044b \u043a \u0441\u0442\u043e\u043c\u0430\u0442\u043e\u043b\u043e\u0433\u0443 \u043f\u043e\u043c\u043e\u0433\u0430\u044e\u0442 \u0440\u0430\u043d\u043e \u0432\u044b\u044f\u0432\u043b\u044f\u0442\u044c \u0437\u0443\u0431\u043d\u044b\u0435 \u043f\u0440\u043e\u0431\u043b\u0435\u043c\u044b \u0438 \u043f\u0440\u0435\u0434\u043e\u0442\u0432\u0440\u0430\u0449\u0430\u0442\u044c \u0431\u043e\u043b\u0435\u0435 \u0441\u0435\u0440\u044c\u0451\u0437\u043d\u044b\u0435 \u043e\u0441\u043b\u043e\u0436\u043d\u0435\u043d\u0438\u044f. \u0412 \u0445\u043e\u0434\u0435 \u043e\u0441\u043c\u043e\u0442\u0440\u043e\u0432 \u0432\u0440\u0430\u0447 \u043e\u0446\u0435\u043d\u0438\u0442 \u0441\u043e\u0441\u0442\u043e\u044f\u043d\u0438\u0435 \u0432\u0430\u0448\u0438\u0445 \u0437\u0443\u0431\u043e\u0432 \u0438 \u0434\u0451\u0441\u0435\u043d \u0438 \u043f\u0440\u0435\u0434\u043e\u0441\u0442\u0430\u0432\u0438\u0442 \u0438\u043d\u0434\u0438\u0432\u0438\u0434\u0443\u0430\u043b\u044c\u043d\u044b\u0435 \u0440\u0435\u043a\u043e\u043c\u0435\u043d\u0434\u0430\u0446\u0438\u0438 \u043f\u043e \u0433\u0438\u0433\u0438\u0435\u043d\u0435 \u043f\u043e\u043b\u043e\u0441\u0442\u0438 \u0440\u0442\u0430.<\/li>\n<li><strong>\u041f\u0440\u043e\u0444\u0435\u0441\u0441\u0438\u043e\u043d\u0430\u043b\u044c\u043d\u0430\u044f \u0433\u0438\u0433\u0438\u0435\u043d\u0430 \u043f\u043e\u043b\u043e\u0441\u0442\u0438 \u0440\u0442\u0430:<\/strong>\u00a0\u0423\u0434\u0430\u043b\u0435\u043d\u0438\u0435 \u0437\u0443\u0431\u043d\u043e\u0433\u043e \u043a\u0430\u043c\u043d\u044f \u0438 \u043f\u0440\u043e\u0444\u0435\u0441\u0441\u0438\u043e\u043d\u0430\u043b\u044c\u043d\u0430\u044f \u0447\u0438\u0441\u0442\u043a\u0430 \u0437\u0443\u0431\u043e\u0432 \u0432\u0430\u0436\u043d\u044b \u0434\u043b\u044f \u043f\u043e\u0434\u0434\u0435\u0440\u0436\u0430\u043d\u0438\u044f \u0437\u0434\u043e\u0440\u043e\u0432\u044c\u044f \u0437\u0443\u0431\u043e\u0432 \u0438 \u0434\u0451\u0441\u0435\u043d. \u042d\u0442\u0438 \u043f\u0440\u043e\u0446\u0435\u0434\u0443\u0440\u044b \u0443\u0441\u0442\u0440\u0430\u043d\u044f\u044e\u0442 \u0437\u0443\u0431\u043d\u043e\u0439 \u043d\u0430\u043b\u0451\u0442 \u0438 \u0437\u0443\u0431\u043d\u043e\u0439 \u043a\u0430\u043c\u0435\u043d\u044c, \u0441\u043d\u0438\u0436\u0430\u044f \u0440\u0438\u0441\u043a \u043a\u0430\u0440\u0438\u0435\u0441\u0430 \u0438 \u0437\u0430\u0431\u043e\u043b\u0435\u0432\u0430\u043d\u0438\u0439 \u0434\u0451\u0441\u0435\u043d.<\/li>\n<li><strong>\u041b\u0435\u0447\u0435\u043d\u0438\u0435 \u043a\u0430\u0440\u0438\u0435\u0441\u0430:<\/strong>\u00a0\u041d\u0435\u0437\u0430\u0432\u0438\u0441\u0438\u043c\u043e \u043e\u0442 \u0442\u043e\u0433\u043e, \u0435\u0441\u0442\u044c \u043b\u0438 \u0443 \u0432\u0430\u0441 \u043d\u0435\u0431\u043e\u043b\u044c\u0448\u0430\u044f \u0438\u043b\u0438 \u0431\u043e\u043b\u0435\u0435 \u0441\u0435\u0440\u044c\u0451\u0437\u043d\u0430\u044f \u043a\u0430\u0440\u0438\u043e\u0437\u043d\u0430\u044f \u043f\u043e\u043b\u043e\u0441\u0442\u044c, \u043c\u044b \u043f\u0440\u0435\u0434\u043b\u0430\u0433\u0430\u0435\u043c \u0431\u044b\u0441\u0442\u0440\u044b\u0435 \u0438 \u044d\u0444\u0444\u0435\u043a\u0442\u0438\u0432\u043d\u044b\u0435 \u0440\u0435\u0448\u0435\u043d\u0438\u044f, \u0438\u0441\u043f\u043e\u043b\u044c\u0437\u0443\u044f \u043a\u0430\u0447\u0435\u0441\u0442\u0432\u0435\u043d\u043d\u044b\u0435 \u043c\u0430\u0442\u0435\u0440\u0438\u0430\u043b\u044b \u0434\u043b\u044f \u043f\u043b\u043e\u043c\u0431\u0438\u0440\u043e\u0432\u0430\u043d\u0438\u044f \u0438 \u0432\u043e\u0441\u0441\u0442\u0430\u043d\u043e\u0432\u043b\u0435\u043d\u0438\u044f \u0437\u0443\u0431\u043e\u0432.<\/li>\n<li><strong>\u041b\u0435\u0447\u0435\u043d\u0438\u0435 \u0437\u0430\u0431\u043e\u043b\u0435\u0432\u0430\u043d\u0438\u0439 \u0434\u0451\u0441\u0435\u043d:<\/strong>\u00a0\u0411\u043e\u043b\u0435\u0437\u043d\u0438 \u0434\u0451\u0441\u0435\u043d \u043c\u043e\u0433\u0443\u0442 \u043f\u043e\u0432\u043b\u0438\u044f\u0442\u044c \u043d\u0435 \u0442\u043e\u043b\u044c\u043a\u043e \u043d\u0430 \u0437\u0434\u043e\u0440\u043e\u0432\u044c\u0435 \u043f\u043e\u043b\u043e\u0441\u0442\u0438 \u0440\u0442\u0430, \u043d\u043e \u0438 \u043d\u0430 \u043e\u0431\u0449\u0435\u0435 \u0441\u043e\u0441\u0442\u043e\u044f\u043d\u0438\u0435 \u0437\u0434\u043e\u0440\u043e\u0432\u044c\u044f. \u041c\u044b \u043f\u0440\u0435\u0434\u043b\u0430\u0433\u0430\u0435\u043c \u0438\u043d\u0434\u0438\u0432\u0438\u0434\u0443\u0430\u043b\u044c\u043d\u044b\u0435 \u043c\u0435\u0442\u043e\u0434\u044b \u043b\u0435\u0447\u0435\u043d\u0438\u044f \u0432\u043e\u0441\u043f\u0430\u043b\u0435\u043d\u0438\u044f \u0434\u0451\u0441\u0435\u043d \u0434\u043b\u044f \u043f\u0440\u0435\u0434\u043e\u0442\u0432\u0440\u0430\u0449\u0435\u043d\u0438\u044f \u043f\u043e\u0442\u0435\u0440\u0438 \u0437\u0443\u0431\u043e\u0432.<\/li>\n<li><strong>\u0420\u0435\u043a\u043e\u043c\u0435\u043d\u0434\u0430\u0446\u0438\u0438 \u043f\u043e \u0443\u0445\u043e\u0434\u0443 \u0437\u0430 \u043f\u043e\u043b\u043e\u0441\u0442\u044c\u044e \u0440\u0442\u0430:<\/strong>\u00a0\u041c\u044b \u0432\u0441\u0435\u0433\u0434\u0430 \u0441 \u0432\u0430\u043c\u0438 \u043d\u0430 \u043a\u0430\u0436\u0434\u043e\u043c \u044d\u0442\u0430\u043f\u0435 \u043b\u0435\u0447\u0435\u043d\u0438\u044f \u0438 \u043f\u0440\u0435\u0434\u043b\u0430\u0433\u0430\u0435\u043c \u043b\u0443\u0447\u0448\u0438\u0435 \u0441\u043e\u0432\u0435\u0442\u044b \u043f\u043e \u0435\u0436\u0435\u0434\u043d\u0435\u0432\u043d\u043e\u043c\u0443 \u0443\u0445\u043e\u0434\u0443 \u0437\u0430 \u0437\u0443\u0431\u0430\u043c\u0438. \u0423 \u043a\u0430\u0436\u0434\u043e\u0433\u043e \u043f\u0430\u0446\u0438\u0435\u043d\u0442\u0430 \u0440\u0430\u0437\u043d\u044b\u0435 \u043f\u043e\u0442\u0440\u0435\u0431\u043d\u043e\u0441\u0442\u0438, \u0438 \u043c\u044b \u043e\u0431\u0435\u0441\u043f\u0435\u0447\u0438\u0432\u0430\u0435\u043c \u043f\u0435\u0440\u0441\u043e\u043d\u0430\u043b\u0438\u0437\u0438\u0440\u043e\u0432\u0430\u043d\u043d\u044b\u0435 \u0440\u0435\u043a\u043e\u043c\u0435\u043d\u0434\u0430\u0446\u0438\u0438 \u0434\u043b\u044f \u043f\u043e\u0434\u0434\u0435\u0440\u0436\u0430\u043d\u0438\u044f \u0437\u0434\u043e\u0440\u043e\u0432\u043e\u0439 \u0443\u043b\u044b\u0431\u043a\u0438.<\/li>\n<\/ol>\n<p><strong>\u041f\u043e\u0447\u0435\u043c\u0443 \u0441\u0442\u043e\u0438\u0442 \u0432\u044b\u0431\u0440\u0430\u0442\u044c \u043e\u0431\u0449\u0438\u0435 \u0441\u0442\u043e\u043c\u0430\u0442\u043e\u043b\u043e\u0433\u0438\u0447\u0435\u0441\u043a\u0438\u0435 \u0443\u0441\u043b\u0443\u0433\u0438 \u0432 \u043a\u043b\u0438\u043d\u0438\u043a\u0435 Dr. Romaniuc?<\/strong><\/p>\n<ul class=\"wp-block-list\">\n<li><strong>\u041f\u0435\u0440\u0441\u043e\u043d\u0430\u043b\u0438\u0437\u0438\u0440\u043e\u0432\u0430\u043d\u043d\u043e\u0435 \u0432\u043d\u0438\u043c\u0430\u043d\u0438\u0435:<\/strong>\u00a0\u041a\u0430\u0436\u0434\u044b\u0439 \u043f\u0430\u0446\u0438\u0435\u043d\u0442 \u0443\u043d\u0438\u043a\u0430\u043b\u0435\u043d, \u0438 \u043c\u044b \u044d\u0442\u043e \u043f\u043e\u043d\u0438\u043c\u0430\u0435\u043c. \u041c\u044b \u043f\u043e\u0434\u0445\u043e\u0434\u0438\u043c \u043a \u043a\u0430\u0436\u0434\u043e\u043c\u0443 \u0441\u043b\u0443\u0447\u0430\u044e \u0441 \u043c\u0430\u043a\u0441\u0438\u043c\u0430\u043b\u044c\u043d\u044b\u043c \u0432\u043d\u0438\u043c\u0430\u043d\u0438\u0435\u043c, \u043f\u0440\u0435\u0434\u043b\u0430\u0433\u0430\u044f \u0440\u0435\u0448\u0435\u043d\u0438\u044f, \u0430\u0434\u0430\u043f\u0442\u0438\u0440\u043e\u0432\u0430\u043d\u043d\u044b\u0435 \u043a \u0432\u0430\u0448\u0438\u043c \u0438\u043d\u0434\u0438\u0432\u0438\u0434\u0443\u0430\u043b\u044c\u043d\u044b\u043c \u043f\u043e\u0442\u0440\u0435\u0431\u043d\u043e\u0441\u0442\u044f\u043c.<\/li>\n<li><strong>\u0421\u043e\u0432\u0440\u0435\u043c\u0435\u043d\u043d\u043e\u0435 \u043e\u0431\u043e\u0440\u0443\u0434\u043e\u0432\u0430\u043d\u0438\u0435:<\/strong>\u00a0\u041d\u0430\u0448\u0430 \u043a\u043b\u0438\u043d\u0438\u043a\u0430 \u043e\u0441\u043d\u0430\u0449\u0435\u043d\u0430 \u043d\u043e\u0432\u0435\u0439\u0448\u0438\u043c\u0438 \u0442\u0435\u0445\u043d\u043e\u043b\u043e\u0433\u0438\u044f\u043c\u0438, \u043a\u043e\u0442\u043e\u0440\u044b\u0435 \u043f\u043e\u0437\u0432\u043e\u043b\u044f\u044e\u0442 \u043d\u0430\u043c \u0431\u044b\u0441\u0442\u0440\u043e \u0438 \u0442\u043e\u0447\u043d\u043e \u0434\u0438\u0430\u0433\u043d\u043e\u0441\u0442\u0438\u0440\u043e\u0432\u0430\u0442\u044c \u043b\u044e\u0431\u044b\u0435 \u0437\u0443\u0431\u043d\u044b\u0435 \u043f\u0440\u043e\u0431\u043b\u0435\u043c\u044b.<\/li>\n<li><strong>\u0420\u0430\u0441\u0441\u043b\u0430\u0431\u043b\u044f\u044e\u0449\u0430\u044f \u0430\u0442\u043c\u043e\u0441\u0444\u0435\u0440\u0430:<\/strong>\u00a0\u041c\u044b \u0445\u043e\u0442\u0438\u043c, \u0447\u0442\u043e\u0431\u044b \u043a\u0430\u0436\u0434\u044b\u0439 \u0432\u0438\u0437\u0438\u0442 \u043a \u0441\u0442\u043e\u043c\u0430\u0442\u043e\u043b\u043e\u0433\u0443 \u0431\u044b\u043b \u043a\u0430\u043a \u043c\u043e\u0436\u043d\u043e \u0431\u043e\u043b\u0435\u0435 \u043f\u0440\u0438\u044f\u0442\u043d\u044b\u043c. \u041c\u044b \u0432\u0441\u0442\u0440\u0435\u0447\u0430\u0435\u043c \u0432\u0430\u0441 \u0432 \u0440\u0430\u0441\u0441\u043b\u0430\u0431\u043b\u044f\u044e\u0449\u0435\u0439 \u0438 \u0434\u0440\u0443\u0436\u0435\u043b\u044e\u0431\u043d\u043e\u0439 \u0430\u0442\u043c\u043e\u0441\u0444\u0435\u0440\u0435, \u0447\u0442\u043e\u0431\u044b \u0432\u044b \u0447\u0443\u0432\u0441\u0442\u0432\u043e\u0432\u0430\u043b\u0438 \u0441\u0435\u0431\u044f \u043a\u043e\u043c\u0444\u043e\u0440\u0442\u043d\u043e \u0438 \u0431\u0435\u0437 \u0437\u0430\u0431\u043e\u0442.<\/li>\n<\/ul>\n<p>\u0411\u0443\u0434\u044c \u0442\u043e \u043f\u0440\u043e\u0444\u0438\u043b\u0430\u043a\u0442\u0438\u043a\u0430 \u0438\u043b\u0438 \u043b\u0435\u0447\u0435\u0431\u043d\u044b\u0435 \u043f\u0440\u043e\u0446\u0435\u0434\u0443\u0440\u044b, \u043d\u0430\u0448\u0438 \u043e\u0431\u0449\u0438\u0435 \u0441\u0442\u043e\u043c\u0430\u0442\u043e\u043b\u043e\u0433\u0438\u0447\u0435\u0441\u043a\u0438\u0435 \u0443\u0441\u043b\u0443\u0433\u0438 \u043e\u0431\u0435\u0441\u043f\u0435\u0447\u0430\u0442 \u0432\u0430\u043c \u043f\u043e\u043b\u043d\u044b\u0439 \u0443\u0445\u043e\u0434, \u043d\u0435\u043e\u0431\u0445\u043e\u0434\u0438\u043c\u044b\u0439 \u0434\u043b\u044f \u043f\u043e\u0434\u0434\u0435\u0440\u0436\u0430\u043d\u0438\u044f \u0437\u0434\u043e\u0440\u043e\u0432\u044c\u044f \u0432\u0430\u0448\u0435\u0439 \u0443\u043b\u044b\u0431\u043a\u0438. \u041d\u0430\u0448\u0430 \u043a\u043e\u043c\u0430\u043d\u0434\u0430 \u0441\u043f\u0435\u0446\u0438\u0430\u043b\u0438\u0441\u0442\u043e\u0432 \u0433\u043e\u0442\u043e\u0432\u0430 \u043f\u043e\u0434\u0434\u0435\u0440\u0436\u0438\u0432\u0430\u0442\u044c \u0432\u0430\u0441 \u043d\u0430 \u043a\u0430\u0436\u0434\u043e\u043c \u044d\u0442\u0430\u043f\u0435, \u043f\u0440\u0435\u0434\u043b\u0430\u0433\u0430\u044f \u043f\u0435\u0440\u0441\u043e\u043d\u0430\u043b\u0438\u0437\u0438\u0440\u043e\u0432\u0430\u043d\u043d\u044b\u0435 \u0440\u0435\u0448\u0435\u043d\u0438\u044f \u0434\u043b\u044f \u043f\u043e\u0434\u0434\u0435\u0440\u0436\u0430\u043d\u0438\u044f \u0437\u0434\u043e\u0440\u043e\u0432\u044c\u044f \u0432\u0430\u0448\u0435\u0439 \u0443\u043b\u044b\u0431\u043a\u0438 \u0432 \u0434\u043e\u043b\u0433\u043e\u0441\u0440\u043e\u0447\u043d\u043e\u0439 \u043f\u0435\u0440\u0441\u043f\u0435\u043a\u0442\u0438\u0432\u0435.<\/p>\n<p>\u0412 \u0441\u0442\u043e\u043c\u0430\u0442\u043e\u043b\u043e\u0433\u0438\u0447\u0435\u0441\u043a\u043e\u0439 \u043a\u043b\u0438\u043d\u0438\u043a\u0435 Dr. Romaniuc \u043c\u044b \u0434\u0435\u043b\u0430\u0435\u043c \u0441\u0442\u0430\u0432\u043a\u0443 \u043d\u0430 \u043f\u0440\u043e\u0444\u0438\u043b\u0430\u043a\u0442\u0438\u043a\u0443, \u043e\u0431\u0443\u0447\u0435\u043d\u0438\u0435 \u0438 \u044d\u0444\u0444\u0435\u043a\u0442\u0438\u0432\u043d\u043e\u0435 \u043b\u0435\u0447\u0435\u043d\u0438\u0435, \u0447\u0442\u043e\u0431\u044b \u0432\u0430\u0448\u0430 \u0443\u043b\u044b\u0431\u043a\u0430 \u0431\u044b\u043b\u0430 \u0437\u0434\u043e\u0440\u043e\u0432\u043e\u0439 \u0438 \u043a\u0440\u0430\u0441\u0438\u0432\u043e\u0439 \u043a\u0430\u0436\u0434\u044b\u0439 \u0434\u0435\u043d\u044c!<\/p>\n<\/div>\n<\/div>\n<\/div>\n<\/div>","protected":false},"excerpt":{"rendered":"<p>Servicii Generale Stomatologice \u2013 \u00cengrijire complet\u0103 pentru s\u0103n\u0103tatea z\u00e2mbetului t\u0103u La Clinica Stomatologic\u0103 Dr. Romaniuc, ne dorim s\u0103 \u00ee\u021bi oferim cea mai bun\u0103 \u00eengrijire dentar\u0103, indiferent dac\u0103 vii pentru un control de rutin\u0103 sau pentru un tratament mai complex. Serviciile noastre generale stomatologice sunt g\u00e2ndite pentru a preveni problemele dentare \u0219i pentru a \u00ee\u021bi men\u021bine [&hellip;]<\/p>","protected":false},"author":1,"featured_media":114,"parent":14,"menu_order":0,"comment_status":"closed","ping_status":"closed","template":"templates\/servicii-generale.php","meta":{"_acf_changed":false,"footnotes":""},"class_list":["post-118","page","type-page","status-publish","format-standard","has-post-thumbnail","hentry"],"acf":[],"yoast_head":"<!-- This site is optimized with the Yoast SEO plugin v26.9 - https:\/\/yoast.com\/product\/yoast-seo-wordpress\/ -->\n<title>Servicii Generale Stomatologice &#062; Dr. Romaniuc<\/title>\n<meta name=\"robots\" content=\"index, follow, max-snippet:-1, max-image-preview:large, max-video-preview:-1\" \/>\n<link rel=\"canonical\" href=\"https:\/\/dr-romaniuc.md\/ru\/servicii\/servicii-generale-stomatologice\/\" \/>\n<meta property=\"og:locale\" content=\"ru_RU\" \/>\n<meta property=\"og:type\" content=\"article\" \/>\n<meta property=\"og:title\" content=\"Servicii Generale Stomatologice &#062; Dr. Romaniuc\" \/>\n<meta property=\"og:description\" content=\"Servicii Generale Stomatologice \u2013 \u00cengrijire complet\u0103 pentru s\u0103n\u0103tatea z\u00e2mbetului t\u0103u La Clinica Stomatologic\u0103 Dr. Romaniuc, ne dorim s\u0103 \u00ee\u021bi oferim cea mai bun\u0103 \u00eengrijire dentar\u0103, indiferent dac\u0103 vii pentru un control de rutin\u0103 sau pentru un tratament mai complex. Serviciile noastre generale stomatologice sunt g\u00e2ndite pentru a preveni problemele dentare \u0219i pentru a \u00ee\u021bi men\u021bine [&hellip;]\" \/>\n<meta property=\"og:url\" content=\"https:\/\/dr-romaniuc.md\/ru\/servicii\/servicii-generale-stomatologice\/\" \/>\n<meta property=\"og:site_name\" content=\"Dr. Romaniuc\" \/>\n<meta property=\"article:modified_time\" content=\"2026-01-28T23:47:01+00:00\" \/>\n<meta property=\"og:image\" content=\"https:\/\/dr-romaniuc.md\/wp-content\/uploads\/2026\/01\/AnyConv.com__Servicii-Generale-Stomatologice.webp\" \/>\n\t<meta property=\"og:image:width\" content=\"570\" \/>\n\t<meta property=\"og:image:height\" content=\"691\" \/>\n\t<meta property=\"og:image:type\" content=\"image\/webp\" \/>\n<meta name=\"twitter:card\" content=\"summary_large_image\" \/>\n<meta name=\"twitter:label1\" content=\"Est. reading time\" \/>\n\t<meta name=\"twitter:data1\" content=\"2 \u043c\u0438\u043d\u0443\u0442\u044b\" \/>\n<!-- \/ Yoast SEO plugin. -->","yoast_head_json":{"title":"Servicii Generale Stomatologice &#062; Dr. Romaniuc","robots":{"index":"index","follow":"follow","max-snippet":"max-snippet:-1","max-image-preview":"max-image-preview:large","max-video-preview":"max-video-preview:-1"},"canonical":"https:\/\/dr-romaniuc.md\/ru\/servicii\/servicii-generale-stomatologice\/","og_locale":"ru_RU","og_type":"article","og_title":"Servicii Generale Stomatologice &#062; Dr. Romaniuc","og_description":"Servicii Generale Stomatologice \u2013 \u00cengrijire complet\u0103 pentru s\u0103n\u0103tatea z\u00e2mbetului t\u0103u La Clinica Stomatologic\u0103 Dr. Romaniuc, ne dorim s\u0103 \u00ee\u021bi oferim cea mai bun\u0103 \u00eengrijire dentar\u0103, indiferent dac\u0103 vii pentru un control de rutin\u0103 sau pentru un tratament mai complex. Serviciile noastre generale stomatologice sunt g\u00e2ndite pentru a preveni problemele dentare \u0219i pentru a \u00ee\u021bi men\u021bine [&hellip;]","og_url":"https:\/\/dr-romaniuc.md\/ru\/servicii\/servicii-generale-stomatologice\/","og_site_name":"Dr. Romaniuc","article_modified_time":"2026-01-28T23:47:01+00:00","og_image":[{"width":570,"height":691,"url":"https:\/\/dr-romaniuc.md\/wp-content\/uploads\/2026\/01\/AnyConv.com__Servicii-Generale-Stomatologice.webp","type":"image\/webp"}],"twitter_card":"summary_large_image","twitter_misc":{"Est. reading time":"2 \u043c\u0438\u043d\u0443\u0442\u044b"},"schema":{"@context":"https:\/\/schema.org","@graph":[{"@type":"WebPage","@id":"https:\/\/dr-romaniuc.md\/ru\/servicii\/servicii-generale-stomatologice\/","url":"https:\/\/dr-romaniuc.md\/ru\/servicii\/servicii-generale-stomatologice\/","name":"Servicii Generale Stomatologice &#062; Dr. Romaniuc","isPartOf":{"@id":"https:\/\/dr-romaniuc.md\/#website"},"primaryImageOfPage":{"@id":"https:\/\/dr-romaniuc.md\/ru\/servicii\/servicii-generale-stomatologice\/#primaryimage"},"image":{"@id":"https:\/\/dr-romaniuc.md\/ru\/servicii\/servicii-generale-stomatologice\/#primaryimage"},"thumbnailUrl":"https:\/\/dr-romaniuc.md\/wp-content\/uploads\/2026\/01\/AnyConv.com__Servicii-Generale-Stomatologice.webp","datePublished":"2026-01-28T22:33:26+00:00","dateModified":"2026-01-28T23:47:01+00:00","breadcrumb":{"@id":"https:\/\/dr-romaniuc.md\/ru\/servicii\/servicii-generale-stomatologice\/#breadcrumb"},"inLanguage":"ru-RU","potentialAction":[{"@type":"ReadAction","target":["https:\/\/dr-romaniuc.md\/ru\/servicii\/servicii-generale-stomatologice\/"]}]},{"@type":"ImageObject","inLanguage":"ru-RU","@id":"https:\/\/dr-romaniuc.md\/ru\/servicii\/servicii-generale-stomatologice\/#primaryimage","url":"https:\/\/dr-romaniuc.md\/wp-content\/uploads\/2026\/01\/AnyConv.com__Servicii-Generale-Stomatologice.webp","contentUrl":"https:\/\/dr-romaniuc.md\/wp-content\/uploads\/2026\/01\/AnyConv.com__Servicii-Generale-Stomatologice.webp","width":570,"height":691},{"@type":"BreadcrumbList","@id":"https:\/\/dr-romaniuc.md\/ru\/servicii\/servicii-generale-stomatologice\/#breadcrumb","itemListElement":[{"@type":"ListItem","position":1,"name":"Home","item":"https:\/\/dr-romaniuc.md\/"},{"@type":"ListItem","position":2,"name":"Servicii","item":"https:\/\/dr-romaniuc.md\/servicii\/"},{"@type":"ListItem","position":3,"name":"Servicii Generale Stomatologice"}]},{"@type":"WebSite","@id":"https:\/\/dr-romaniuc.md\/#website","url":"https:\/\/dr-romaniuc.md\/","name":"Dr. Romaniuc","description":"Clinic\u0103 stomatologic\u0103","publisher":{"@id":"https:\/\/dr-romaniuc.md\/#organization"},"potentialAction":[{"@type":"SearchAction","target":{"@type":"EntryPoint","urlTemplate":"https:\/\/dr-romaniuc.md\/?s={search_term_string}"},"query-input":{"@type":"PropertyValueSpecification","valueRequired":true,"valueName":"search_term_string"}}],"inLanguage":"ru-RU"},{"@type":"Organization","@id":"https:\/\/dr-romaniuc.md\/#organization","name":"Dr. Romaniuc","url":"https:\/\/dr-romaniuc.md\/","logo":{"@type":"ImageObject","inLanguage":"ru-RU","@id":"https:\/\/dr-romaniuc.md\/#\/schema\/logo\/image\/","url":"https:\/\/dr-romaniuc.md\/wp-content\/uploads\/2026\/01\/Logo.svg","contentUrl":"https:\/\/dr-romaniuc.md\/wp-content\/uploads\/2026\/01\/Logo.svg","caption":"Dr. Romaniuc"},"image":{"@id":"https:\/\/dr-romaniuc.md\/#\/schema\/logo\/image\/"}}]}},"_links":{"self":[{"href":"https:\/\/dr-romaniuc.md\/ru\/wp-json\/wp\/v2\/pages\/118","targetHints":{"allow":["GET"]}}],"collection":[{"href":"https:\/\/dr-romaniuc.md\/ru\/wp-json\/wp\/v2\/pages"}],"about":[{"href":"https:\/\/dr-romaniuc.md\/ru\/wp-json\/wp\/v2\/types\/page"}],"author":[{"embeddable":true,"href":"https:\/\/dr-romaniuc.md\/ru\/wp-json\/wp\/v2\/users\/1"}],"replies":[{"embeddable":true,"href":"https:\/\/dr-romaniuc.md\/ru\/wp-json\/wp\/v2\/comments?post=118"}],"version-history":[{"count":3,"href":"https:\/\/dr-romaniuc.md\/ru\/wp-json\/wp\/v2\/pages\/118\/revisions"}],"predecessor-version":[{"id":171,"href":"https:\/\/dr-romaniuc.md\/ru\/wp-json\/wp\/v2\/pages\/118\/revisions\/171"}],"up":[{"embeddable":true,"href":"https:\/\/dr-romaniuc.md\/ru\/wp-json\/wp\/v2\/pages\/14"}],"wp:featuredmedia":[{"embeddable":true,"href":"https:\/\/dr-romaniuc.md\/ru\/wp-json\/wp\/v2\/media\/114"}],"wp:attachment":[{"href":"https:\/\/dr-romaniuc.md\/ru\/wp-json\/wp\/v2\/media?parent=118"}],"curies":[{"name":"wp","href":"https:\/\/api.w.org\/{rel}","templated":true}]}}