{"id":116,"date":"2026-01-28T22:32:30","date_gmt":"2026-01-28T22:32:30","guid":{"rendered":"https:\/\/dr-romaniuc.md\/?page_id=116"},"modified":"2026-01-28T23:48:50","modified_gmt":"2026-01-28T23:48:50","slug":"anestezie-generala-confort-si-siguranta-pentru-tratamente-complexe","status":"publish","type":"page","link":"https:\/\/dr-romaniuc.md\/ru\/servicii\/anestezie-generala-confort-si-siguranta-pentru-tratamente-complexe\/","title":{"rendered":"\u041e\u0431\u0449\u0430\u044f \u0430\u043d\u0435\u0441\u0442\u0435\u0437\u0438\u044f"},"content":{"rendered":"<h1>\u041e\u0431\u0449\u0430\u044f \u0430\u043d\u0435\u0441\u0442\u0435\u0437\u0438\u044f \u2013 \u041a\u043e\u043c\u0444\u043e\u0440\u0442 \u0438 \u0431\u0435\u0437\u043e\u043f\u0430\u0441\u043d\u043e\u0441\u0442\u044c \u0434\u043b\u044f \u0441\u043b\u043e\u0436\u043d\u044b\u0445 \u043f\u0440\u043e\u0446\u0435\u0434\u0443\u0440<\/h1>\n<div class=\"elementor-element elementor-element-3228e2cd e-flex e-con-boxed e-con e-parent\" data-id=\"3228e2cd\" data-element_type=\"container\" data-core-v316-plus=\"true\">\n<div class=\"e-con-inner\">\n<div class=\"elementor-element elementor-element-46c3e0fe elementor-widget elementor-widget-text-editor\" data-id=\"46c3e0fe\" data-element_type=\"widget\" data-widget_type=\"text-editor.default\">\n<div class=\"elementor-widget-container\">\n<p>\u0412 \u0441\u0442\u043e\u043c\u0430\u0442\u043e\u043b\u043e\u0433\u0438\u0447\u0435\u0441\u043a\u043e\u0439 \u043a\u043b\u0438\u043d\u0438\u043a\u0435 Dr. Romaniuc \u043a\u043e\u043c\u0444\u043e\u0440\u0442 \u0438 \u0431\u0435\u0437\u043e\u043f\u0430\u0441\u043d\u043e\u0441\u0442\u044c \u043d\u0430\u0448\u0438\u0445 \u043f\u0430\u0446\u0438\u0435\u043d\u0442\u043e\u0432 \u044f\u0432\u043b\u044f\u044e\u0442\u0441\u044f \u0430\u0431\u0441\u043e\u043b\u044e\u0442\u043d\u044b\u043c\u0438 \u043f\u0440\u0438\u043e\u0440\u0438\u0442\u0435\u0442\u0430\u043c\u0438. \u0414\u043b\u044f \u0442\u0435\u0445 \u0441\u0442\u043e\u043c\u0430\u0442\u043e\u043b\u043e\u0433\u0438\u0447\u0435\u0441\u043a\u0438\u0445 \u043f\u0440\u043e\u0446\u0435\u0434\u0443\u0440, \u043a\u043e\u0442\u043e\u0440\u044b\u0435 \u0442\u0440\u0435\u0431\u0443\u044e\u0442 \u0431\u043e\u043b\u0435\u0435 \u0441\u043b\u043e\u0436\u043d\u043e\u0433\u043e \u043f\u043e\u0434\u0445\u043e\u0434\u0430, \u0438\u043b\u0438 \u0434\u043b\u044f \u043f\u0430\u0446\u0438\u0435\u043d\u0442\u043e\u0432, \u043a\u043e\u0442\u043e\u0440\u044b\u0435 \u043f\u0440\u0435\u0434\u043f\u043e\u0447\u0438\u0442\u0430\u044e\u0442 \u0438\u0437\u0431\u0435\u0433\u0430\u0442\u044c \u043b\u044e\u0431\u043e\u0433\u043e \u0434\u0438\u0441\u043a\u043e\u043c\u0444\u043e\u0440\u0442\u0430, \u043c\u044b \u043f\u0440\u0435\u0434\u043b\u0430\u0433\u0430\u0435\u043c \u0443\u0441\u043b\u0443\u0433\u0438 \u043e\u0431\u0449\u0435\u0439 \u0430\u043d\u0435\u0441\u0442\u0435\u0437\u0438\u0438. \u041e\u043d\u0430 \u043f\u043e\u0437\u0432\u043e\u043b\u044f\u0435\u0442 \u0432\u0430\u043c \u043f\u0440\u043e\u0439\u0442\u0438 \u0447\u0435\u0440\u0435\u0437 \u0441\u0442\u043e\u043c\u0430\u0442\u043e\u043b\u043e\u0433\u0438\u0447\u0435\u0441\u043a\u043e\u0435 \u043b\u0435\u0447\u0435\u043d\u0438\u0435, \u043d\u0435 \u0447\u0443\u0432\u0441\u0442\u0432\u0443\u044f \u0431\u043e\u043b\u0438, \u0441\u0442\u0440\u0430\u0445\u0430 \u0438\u043b\u0438 \u0441\u0442\u0440\u0435\u0441\u0441\u0430.<\/p>\n<p>\u041e\u0431\u0449\u0430\u044f \u0430\u043d\u0435\u0441\u0442\u0435\u0437\u0438\u044f \u043e\u0441\u043e\u0431\u0435\u043d\u043d\u043e \u0440\u0435\u043a\u043e\u043c\u0435\u043d\u0434\u0443\u0435\u0442\u0441\u044f \u0434\u043b\u044f \u0431\u043e\u043b\u0435\u0435 \u0441\u043b\u043e\u0436\u043d\u044b\u0445 \u0445\u0438\u0440\u0443\u0440\u0433\u0438\u0447\u0435\u0441\u043a\u0438\u0445 \u0432\u043c\u0435\u0448\u0430\u0442\u0435\u043b\u044c\u0441\u0442\u0432, \u043d\u043e \u0442\u0430\u043a\u0436\u0435 \u043c\u043e\u0436\u0435\u0442 \u0431\u044b\u0442\u044c \u043e\u0442\u043b\u0438\u0447\u043d\u044b\u043c \u0432\u0430\u0440\u0438\u0430\u043d\u0442\u043e\u043c \u0434\u043b\u044f \u043f\u0430\u0446\u0438\u0435\u043d\u0442\u043e\u0432 \u0441 \u0432\u044b\u0440\u0430\u0436\u0435\u043d\u043d\u043e\u0439 \u0442\u0440\u0435\u0432\u043e\u0433\u043e\u0439 \u043f\u0435\u0440\u0435\u0434 \u0441\u0442\u043e\u043c\u0430\u0442\u043e\u043b\u043e\u0433\u043e\u043c \u0438\u043b\u0438 \u0434\u043b\u044f \u0442\u0435\u0445, \u0443 \u043a\u043e\u0433\u043e \u0435\u0441\u0442\u044c \u043e\u0441\u043e\u0431\u044b\u0435 \u043f\u043e\u0442\u0440\u0435\u0431\u043d\u043e\u0441\u0442\u0438 \u0438 \u043a\u0442\u043e \u043d\u0435 \u043c\u043e\u0436\u0435\u0442 \u043f\u0435\u0440\u0435\u043d\u043e\u0441\u0438\u0442\u044c \u0441\u0442\u043e\u043c\u0430\u0442\u043e\u043b\u043e\u0433\u0438\u0447\u0435\u0441\u043a\u043e\u0435 \u043b\u0435\u0447\u0435\u043d\u0438\u0435 \u0432 \u043e\u0431\u044b\u0447\u043d\u044b\u0445 \u0443\u0441\u043b\u043e\u0432\u0438\u044f\u0445.<\/p>\n<p><strong>\u041f\u0440\u0435\u0438\u043c\u0443\u0449\u0435\u0441\u0442\u0432\u0430 \u043e\u0431\u0449\u0435\u0439 \u0430\u043d\u0435\u0441\u0442\u0435\u0437\u0438\u0438:<\/strong><\/p>\n<ul class=\"wp-block-list\">\n<li><strong>\u041e\u0442\u0441\u0443\u0442\u0441\u0442\u0432\u0438\u0435 \u0431\u043e\u043b\u0438:<\/strong>\u00a0\u041e\u0431\u0449\u0430\u044f \u0430\u043d\u0435\u0441\u0442\u0435\u0437\u0438\u044f \u043f\u043e\u043b\u043d\u043e\u0441\u0442\u044c\u044e \u043f\u043e\u0434\u0430\u0432\u043b\u044f\u0435\u0442 \u0431\u043e\u043b\u0435\u0432\u044b\u0435 \u043e\u0449\u0443\u0449\u0435\u043d\u0438\u044f, \u043f\u043e\u0437\u0432\u043e\u043b\u044f\u044f \u0432\u0430\u043c \u0440\u0430\u0441\u0441\u043b\u0430\u0431\u0438\u0442\u044c\u0441\u044f \u0432\u043e \u0432\u0440\u0435\u043c\u044f \u043f\u0440\u043e\u0446\u0435\u0434\u0443\u0440\u044b.<\/li>\n<li><strong>\u041f\u043e\u043b\u043d\u043e\u0435 \u0440\u0430\u0441\u0441\u043b\u0430\u0431\u043b\u0435\u043d\u0438\u0435:<\/strong>\u00a0\u0412\u043e \u0432\u0440\u0435\u043c\u044f \u0432\u043c\u0435\u0448\u0430\u0442\u0435\u043b\u044c\u0441\u0442\u0432\u0430 \u0432\u044b \u0431\u0443\u0434\u0435\u0442\u0435 \u043f\u043e\u043b\u043d\u043e\u0441\u0442\u044c\u044e \u0441\u043f\u0430\u0442\u044c \u0438 \u043d\u0438\u0447\u0435\u0433\u043e \u043d\u0435 \u043f\u043e\u0447\u0443\u0432\u0441\u0442\u0432\u0443\u0435\u0442\u0435. \u042d\u0442\u043e \u0438\u0434\u0435\u0430\u043b\u044c\u043d\u043e\u0435 \u0440\u0435\u0448\u0435\u043d\u0438\u0435 \u0434\u043b\u044f \u043f\u0430\u0446\u0438\u0435\u043d\u0442\u043e\u0432, \u0441\u0442\u0440\u0430\u0434\u0430\u044e\u0449\u0438\u0445 \u043e\u0442 \u0442\u0440\u0435\u0432\u043e\u0436\u043d\u043e\u0441\u0442\u0438 \u0438\u043b\u0438 \u0441\u0442\u0440\u0430\u0445\u0430 \u043f\u0435\u0440\u0435\u0434 \u0441\u0442\u043e\u043c\u0430\u0442\u043e\u043b\u043e\u0433\u043e\u043c.<\/li>\n<li><strong>\u0421\u043b\u043e\u0436\u043d\u044b\u0435 \u043f\u0440\u043e\u0446\u0435\u0434\u0443\u0440\u044b \u0431\u0435\u0437 \u0441\u0442\u0440\u0435\u0441\u0441\u0430:<\/strong>\u00a0\u0412\u043c\u0435\u0448\u0430\u0442\u0435\u043b\u044c\u0441\u0442\u0432\u0430, \u0442\u0440\u0435\u0431\u0443\u044e\u0449\u0438\u0435 \u0431\u043e\u043b\u044c\u0448\u0435 \u0432\u0440\u0435\u043c\u0435\u043d\u0438 \u0438\u043b\u0438 \u0432\u043a\u043b\u044e\u0447\u0430\u044e\u0449\u0438\u0435 \u043d\u0435\u0441\u043a\u043e\u043b\u044c\u043a\u043e \u043f\u0440\u043e\u0446\u0435\u0434\u0443\u0440 \u0437\u0430 \u043e\u0434\u0438\u043d \u0441\u0435\u0430\u043d\u0441, \u043c\u043e\u0433\u0443\u0442 \u0431\u044b\u0442\u044c \u043f\u0440\u043e\u0432\u0435\u0434\u0435\u043d\u044b \u043b\u0435\u0433\u0447\u0435 \u043f\u043e\u0434 \u043e\u0431\u0449\u0435\u0439 \u0430\u043d\u0435\u0441\u0442\u0435\u0437\u0438\u0435\u0439, \u0443\u0441\u0442\u0440\u0430\u043d\u044f\u044f \u0434\u043b\u0438\u0442\u0435\u043b\u044c\u043d\u044b\u0439 \u0434\u0438\u0441\u043a\u043e\u043c\u0444\u043e\u0440\u0442.<\/li>\n<\/ul>\n<p><strong>\u041a\u043e\u0433\u0434\u0430 \u0440\u0435\u043a\u043e\u043c\u0435\u043d\u0434\u0443\u0435\u0442\u0441\u044f \u043e\u0431\u0449\u0430\u044f \u0430\u043d\u0435\u0441\u0442\u0435\u0437\u0438\u044f?<\/strong><\/p>\n<ul class=\"wp-block-list\">\n<li>\u0412 \u0441\u043b\u0443\u0447\u0430\u0435 \u0441\u043b\u043e\u0436\u043d\u044b\u0445 \u0445\u0438\u0440\u0443\u0440\u0433\u0438\u0447\u0435\u0441\u043a\u0438\u0445 \u0432\u043c\u0435\u0448\u0430\u0442\u0435\u043b\u044c\u0441\u0442\u0432, \u0442\u0430\u043a\u0438\u0445 \u043a\u0430\u043a \u043c\u043d\u043e\u0436\u0435\u0441\u0442\u0432\u0435\u043d\u043d\u044b\u0435 \u0443\u0434\u0430\u043b\u0435\u043d\u0438\u044f \u0437\u0443\u0431\u043e\u0432, \u043e\u043f\u0435\u0440\u0430\u0446\u0438\u0438 \u043f\u043e \u0443\u0441\u0442\u0430\u043d\u043e\u0432\u043a\u0435 \u0438\u043c\u043f\u043b\u0430\u043d\u0442\u0430\u0442\u043e\u0432 \u0438\u043b\u0438 \u0434\u0440\u0443\u0433\u0438\u0435 \u0441\u043b\u043e\u0436\u043d\u044b\u0435 \u043f\u0440\u043e\u0446\u0435\u0434\u0443\u0440\u044b.<\/li>\n<li>\u0414\u043b\u044f \u043f\u0430\u0446\u0438\u0435\u043d\u0442\u043e\u0432, \u0441\u0442\u0440\u0430\u0434\u0430\u044e\u0449\u0438\u0445 \u0441\u0438\u043b\u044c\u043d\u043e\u0439 \u0444\u043e\u0431\u0438\u0435\u0439 \u043f\u0435\u0440\u0435\u0434 \u0441\u0442\u043e\u043c\u0430\u0442\u043e\u043b\u043e\u0433\u043e\u043c, \u043a\u043e\u0442\u043e\u0440\u044b\u0435 \u043d\u0435 \u043c\u043e\u0433\u0443\u0442 \u043f\u0435\u0440\u0435\u043d\u043e\u0441\u0438\u0442\u044c \u043b\u0435\u0447\u0435\u043d\u0438\u0435 \u043f\u043e\u0434 \u043c\u0435\u0441\u0442\u043d\u043e\u0439 \u0430\u043d\u0435\u0441\u0442\u0435\u0437\u0438\u0435\u0439.<\/li>\n<li>\u0414\u043b\u044f \u043f\u0430\u0446\u0438\u0435\u043d\u0442\u043e\u0432 \u0441 \u043e\u0441\u043e\u0431\u044b\u043c\u0438 \u043f\u043e\u0442\u0440\u0435\u0431\u043d\u043e\u0441\u0442\u044f\u043c\u0438, \u043a\u043e\u0442\u043e\u0440\u044b\u043c \u0442\u0440\u0435\u0431\u0443\u0435\u0442\u0441\u044f \u0431\u043e\u043b\u0435\u0435 \u0434\u0435\u043b\u0438\u043a\u0430\u0442\u043d\u044b\u0439 \u0438 \u043f\u043e\u043b\u043d\u043e\u0441\u0442\u044c\u044e \u0431\u0435\u0437\u0431\u043e\u043b\u0435\u0437\u043d\u0435\u043d\u043d\u044b\u0439 \u043f\u043e\u0434\u0445\u043e\u0434.<\/li>\n<li>\u0414\u043b\u044f \u0434\u0435\u0442\u0435\u0439 \u0438\u043b\u0438 \u0432\u0437\u0440\u043e\u0441\u043b\u044b\u0445 \u0441 \u043c\u0435\u0434\u0438\u0446\u0438\u043d\u0441\u043a\u0438\u043c\u0438 \u0441\u043e\u0441\u0442\u043e\u044f\u043d\u0438\u044f\u043c\u0438, \u043d\u0435 \u043f\u043e\u0437\u0432\u043e\u043b\u044f\u044e\u0449\u0438\u043c\u0438 \u043f\u0440\u043e\u0432\u043e\u0434\u0438\u0442\u044c \u0441\u0442\u043e\u043c\u0430\u0442\u043e\u043b\u043e\u0433\u0438\u0447\u0435\u0441\u043a\u043e\u0435 \u043b\u0435\u0447\u0435\u043d\u0438\u0435 \u0432 \u043e\u0431\u044b\u0447\u043d\u044b\u0445 \u0443\u0441\u043b\u043e\u0432\u0438\u044f\u0445.<\/li>\n<\/ul>\n<p><strong>\u0411\u0435\u0437\u043e\u043f\u0430\u0441\u043d\u043e\u0441\u0442\u044c \u043d\u0430 \u0441\u0430\u043c\u043e\u043c \u0432\u044b\u0441\u043e\u043a\u043e\u043c \u0443\u0440\u043e\u0432\u043d\u0435.<\/strong>\u00a0\u0412 \u0441\u0442\u043e\u043c\u0430\u0442\u043e\u043b\u043e\u0433\u0438\u0447\u0435\u0441\u043a\u043e\u0439 \u043a\u043b\u0438\u043d\u0438\u043a\u0435 Dr. Romaniuc \u043e\u0431\u0449\u0430\u044f \u0430\u043d\u0435\u0441\u0442\u0435\u0437\u0438\u044f \u043f\u0440\u043e\u0432\u043e\u0434\u0438\u0442\u0441\u044f \u0432\u0440\u0430\u0447\u0430\u043c\u0438, \u0441\u043f\u0435\u0446\u0438\u0430\u043b\u0438\u0437\u0438\u0440\u0443\u044e\u0449\u0438\u043c\u0438\u0441\u044f \u043d\u0430 \u0430\u043d\u0435\u0441\u0442\u0435\u0437\u0438\u043e\u043b\u043e\u0433\u0438\u0438, \u0441 \u0431\u043e\u043b\u044c\u0448\u0438\u043c \u043e\u043f\u044b\u0442\u043e\u043c \u0432 \u0443\u043f\u0440\u0430\u0432\u043b\u0435\u043d\u0438\u0438 \u0430\u043d\u0435\u0441\u0442\u0435\u0437\u0438\u0435\u0439 \u0434\u043b\u044f \u0441\u0442\u043e\u043c\u0430\u0442\u043e\u043b\u043e\u0433\u0438\u0447\u0435\u0441\u043a\u0438\u0445 \u043f\u0430\u0446\u0438\u0435\u043d\u0442\u043e\u0432. \u041a\u0430\u0436\u0434\u044b\u0439 \u043f\u0430\u0446\u0438\u0435\u043d\u0442 \u043f\u0440\u043e\u0445\u043e\u0434\u0438\u0442 \u043f\u043e\u043b\u043d\u043e\u0435 \u043c\u0435\u0434\u0438\u0446\u0438\u043d\u0441\u043a\u043e\u0435 \u043e\u0431\u0441\u043b\u0435\u0434\u043e\u0432\u0430\u043d\u0438\u0435 \u043f\u0435\u0440\u0435\u0434 \u043f\u0440\u043e\u0446\u0435\u0434\u0443\u0440\u043e\u0439, \u0447\u0442\u043e\u0431\u044b \u043c\u044b \u043c\u043e\u0433\u043b\u0438 \u0443\u0431\u0435\u0434\u0438\u0442\u044c\u0441\u044f, \u0447\u0442\u043e \u043b\u0435\u0447\u0435\u043d\u0438\u0435 \u043f\u0440\u043e\u0439\u0434\u0435\u0442 \u0432 \u043c\u0430\u043a\u0441\u0438\u043c\u0430\u043b\u044c\u043d\u043e \u0431\u0435\u0437\u043e\u043f\u0430\u0441\u043d\u044b\u0445 \u0443\u0441\u043b\u043e\u0432\u0438\u044f\u0445. \u041c\u044b \u0438\u0441\u043f\u043e\u043b\u044c\u0437\u0443\u0435\u043c \u0441\u043e\u0432\u0440\u0435\u043c\u0435\u043d\u043d\u043e\u0435 \u043e\u0431\u043e\u0440\u0443\u0434\u043e\u0432\u0430\u043d\u0438\u0435 \u0434\u043b\u044f \u043c\u043e\u043d\u0438\u0442\u043e\u0440\u0438\u043d\u0433\u0430, \u0447\u0442\u043e\u0431\u044b \u043f\u043e\u0441\u0442\u043e\u044f\u043d\u043d\u043e \u0441\u043b\u0435\u0434\u0438\u0442\u044c \u0437\u0430 \u0432\u0430\u0448\u0438\u043c \u0441\u043e\u0441\u0442\u043e\u044f\u043d\u0438\u0435\u043c \u0432\u043e \u0432\u0440\u0435\u043c\u044f \u0432\u043c\u0435\u0448\u0430\u0442\u0435\u043b\u044c\u0441\u0442\u0432\u0430.<\/p>\n<p><strong>\u0427\u0442\u043e \u043f\u0440\u043e\u0438\u0441\u0445\u043e\u0434\u0438\u0442 \u043f\u043e\u0441\u043b\u0435 \u043e\u0431\u0449\u0435\u0439 \u0430\u043d\u0435\u0441\u0442\u0435\u0437\u0438\u0438?<\/strong>\u00a0\u041f\u043e\u0441\u043b\u0435 \u043f\u0440\u043e\u0446\u0435\u0434\u0443\u0440\u044b \u043f\u0430\u0446\u0438\u0435\u043d\u0442 \u043d\u0430\u0445\u043e\u0434\u0438\u0442\u0441\u044f \u043f\u043e\u0434 \u043d\u0430\u0431\u043b\u044e\u0434\u0435\u043d\u0438\u0435\u043c \u0432 \u0441\u043f\u0435\u0446\u0438\u0430\u043b\u044c\u043d\u043e\u0439 \u043f\u0430\u043b\u0430\u0442\u0435 \u0434\u043b\u044f \u0432\u043e\u0441\u0441\u0442\u0430\u043d\u043e\u0432\u043b\u0435\u043d\u0438\u044f \u043f\u043e\u0441\u043b\u0435 \u0430\u043d\u0435\u0441\u0442\u0435\u0437\u0438\u0438, \u043f\u043e\u043a\u0430 \u043d\u0435 \u0432\u0435\u0440\u043d\u0435\u0442\u0441\u044f \u043f\u043e\u043b\u043d\u043e\u0435 \u0441\u043e\u0437\u043d\u0430\u043d\u0438\u0435. \u0412 \u044d\u0442\u043e \u0432\u0440\u0435\u043c\u044f \u043d\u0430\u0448\u0430 \u043a\u043e\u043c\u0430\u043d\u0434\u0430 \u043f\u043e\u0437\u0430\u0431\u043e\u0442\u0438\u0442\u0441\u044f \u043e \u0432\u0430\u0441 \u0438 \u043f\u0440\u0435\u0434\u043e\u0441\u0442\u0430\u0432\u0438\u0442 \u0432\u0441\u044e \u043d\u0435\u043e\u0431\u0445\u043e\u0434\u0438\u043c\u0443\u044e \u0438\u043d\u0444\u043e\u0440\u043c\u0430\u0446\u0438\u044e \u0434\u043b\u044f \u043b\u0435\u0433\u043a\u043e\u0433\u043e \u0438 \u0431\u0435\u0441\u043f\u0440\u043e\u0431\u043b\u0435\u043c\u043d\u043e\u0433\u043e \u0432\u043e\u0441\u0441\u0442\u0430\u043d\u043e\u0432\u043b\u0435\u043d\u0438\u044f.<\/p>\n<p><strong>\u041a\u043e\u043c\u0444\u043e\u0440\u0442 \u0438 \u0443\u0432\u0435\u0440\u0435\u043d\u043d\u043e\u0441\u0442\u044c \u0432 \u043b\u044e\u0431\u043e\u043c \u043b\u0435\u0447\u0435\u043d\u0438\u0438.<\/strong>\u00a0\u0412 \u0441\u0442\u043e\u043c\u0430\u0442\u043e\u043b\u043e\u0433\u0438\u0447\u0435\u0441\u043a\u043e\u0439 \u043a\u043b\u0438\u043d\u0438\u043a\u0435 Dr. Romaniuc \u043c\u044b \u0441\u0442\u0440\u0435\u043c\u0438\u043c\u0441\u044f \u0441\u0434\u0435\u043b\u0430\u0442\u044c \u0432\u0430\u0448\u0435 \u043f\u043e\u0441\u0435\u0449\u0435\u043d\u0438\u0435 \u043a\u0430\u043a \u043c\u043e\u0436\u043d\u043e \u0431\u043e\u043b\u0435\u0435 \u043f\u0440\u0438\u044f\u0442\u043d\u044b\u043c, \u043d\u0435\u0437\u0430\u0432\u0438\u0441\u0438\u043c\u043e \u043e\u0442 \u0442\u0438\u043f\u0430 \u043d\u0435\u043e\u0431\u0445\u043e\u0434\u0438\u043c\u043e\u0433\u043e \u043b\u0435\u0447\u0435\u043d\u0438\u044f. \u041e\u0431\u0449\u0430\u044f \u0430\u043d\u0435\u0441\u0442\u0435\u0437\u0438\u044f \u043f\u043e\u0437\u0432\u043e\u043b\u044f\u0435\u0442 \u0432\u0430\u043c \u043f\u0440\u043e\u0445\u043e\u0434\u0438\u0442\u044c \u0441\u0430\u043c\u044b\u0435 \u0441\u043b\u043e\u0436\u043d\u044b\u0435 \u0441\u0442\u043e\u043c\u0430\u0442\u043e\u043b\u043e\u0433\u0438\u0447\u0435\u0441\u043a\u0438\u0435 \u043f\u0440\u043e\u0446\u0435\u0434\u0443\u0440\u044b \u0431\u0435\u0437 \u0431\u043e\u043b\u0438 \u0438 \u0441\u0442\u0440\u0435\u0441\u0441\u0430, \u0430 \u043c\u044b \u0437\u0434\u0435\u0441\u044c, \u0447\u0442\u043e\u0431\u044b \u0443\u0431\u0435\u0434\u0438\u0442\u044c\u0441\u044f, \u0447\u0442\u043e \u0432\u0441\u0435 \u043f\u0440\u043e\u0439\u0434\u0435\u0442 \u0433\u043b\u0430\u0434\u043a\u043e.<\/p>\n<p>\u0415\u0441\u043b\u0438 \u0432\u0430\u043c \u043d\u0443\u0436\u043d\u043e \u043e\u0431\u0448\u0438\u0440\u043d\u043e\u0435 \u0441\u0442\u043e\u043c\u0430\u0442\u043e\u043b\u043e\u0433\u0438\u0447\u0435\u0441\u043a\u043e\u0435 \u0432\u043c\u0435\u0448\u0430\u0442\u0435\u043b\u044c\u0441\u0442\u0432\u043e \u0438\u043b\u0438 \u0432\u044b \u043f\u0440\u0435\u0434\u043f\u043e\u0447\u0438\u0442\u0430\u0435\u0442\u0435 \u043b\u0435\u0447\u0435\u043d\u0438\u0435 \u0431\u0435\u0437 \u043a\u0430\u043a\u043e\u0433\u043e-\u043b\u0438\u0431\u043e \u0434\u0438\u0441\u043a\u043e\u043c\u0444\u043e\u0440\u0442\u0430, \u043e\u0431\u0449\u0430\u044f \u0430\u043d\u0435\u0441\u0442\u0435\u0437\u0438\u044f \u043c\u043e\u0436\u0435\u0442 \u0441\u0442\u0430\u0442\u044c \u0438\u0434\u0435\u0430\u043b\u044c\u043d\u044b\u043c \u0440\u0435\u0448\u0435\u043d\u0438\u0435\u043c \u0434\u043b\u044f \u0432\u0430\u0441. \u041d\u0430\u0448\u0430 \u043a\u043e\u043c\u0430\u043d\u0434\u0430 \u0441 \u0437\u0430\u0431\u043e\u0442\u043e\u0439 \u0438 \u043f\u0440\u043e\u0444\u0435\u0441\u0441\u0438\u043e\u043d\u0430\u043b\u0438\u0437\u043c\u043e\u043c \u043f\u0440\u043e\u0432\u0435\u0434\u0435\u0442 \u0432\u0430\u0441 \u0447\u0435\u0440\u0435\u0437 \u0432\u0435\u0441\u044c \u043f\u0440\u043e\u0446\u0435\u0441\u0441, \u0433\u0430\u0440\u0430\u043d\u0442\u0438\u0440\u0443\u044f \u0432\u0430\u0448\u0435 \u0441\u043f\u043e\u043a\u043e\u0439\u0441\u0442\u0432\u0438\u0435 \u0438 \u043a\u043e\u043c\u0444\u043e\u0440\u0442.<\/p>\n<\/div>\n<\/div>\n<\/div>\n<\/div>","protected":false},"excerpt":{"rendered":"<p>Anestezie General\u0103 \u2013 Confort \u0219i siguran\u021b\u0103 pentru tratamente complexe La Clinica Stomatologic\u0103 Dr. Romaniuc, confortul \u0219i siguran\u021ba pacien\u021bilor no\u0219tri sunt priorit\u0103\u021bi absolute. Pentru acele proceduri stomatologice care necesit\u0103 o abordare mai complex\u0103 sau pentru pacien\u021bii care prefer\u0103 s\u0103 evite orice disconfort, oferim servicii de anestezie general\u0103. Aceasta \u00ee\u021bi permite s\u0103 treci prin tratamentele dentare f\u0103r\u0103 [&hellip;]<\/p>","protected":false},"author":1,"featured_media":115,"parent":14,"menu_order":0,"comment_status":"closed","ping_status":"closed","template":"templates\/anestezie.php","meta":{"_acf_changed":false,"footnotes":""},"class_list":["post-116","page","type-page","status-publish","format-standard","has-post-thumbnail","hentry"],"acf":[],"yoast_head":"<!-- This site is optimized with the Yoast SEO plugin v26.9 - https:\/\/yoast.com\/product\/yoast-seo-wordpress\/ -->\n<title>Anestezie General\u0103 &#062; Dr. Romaniuc<\/title>\n<meta name=\"robots\" content=\"index, follow, max-snippet:-1, max-image-preview:large, max-video-preview:-1\" \/>\n<link rel=\"canonical\" href=\"https:\/\/dr-romaniuc.md\/ru\/servicii\/anestezie-generala-confort-si-siguranta-pentru-tratamente-complexe\/\" \/>\n<meta property=\"og:locale\" content=\"ru_RU\" \/>\n<meta property=\"og:type\" content=\"article\" \/>\n<meta property=\"og:title\" content=\"Anestezie General\u0103 &#062; Dr. Romaniuc\" \/>\n<meta property=\"og:description\" content=\"Anestezie General\u0103 \u2013 Confort \u0219i siguran\u021b\u0103 pentru tratamente complexe La Clinica Stomatologic\u0103 Dr. Romaniuc, confortul \u0219i siguran\u021ba pacien\u021bilor no\u0219tri sunt priorit\u0103\u021bi absolute. Pentru acele proceduri stomatologice care necesit\u0103 o abordare mai complex\u0103 sau pentru pacien\u021bii care prefer\u0103 s\u0103 evite orice disconfort, oferim servicii de anestezie general\u0103. Aceasta \u00ee\u021bi permite s\u0103 treci prin tratamentele dentare f\u0103r\u0103 [&hellip;]\" \/>\n<meta property=\"og:url\" content=\"https:\/\/dr-romaniuc.md\/ru\/servicii\/anestezie-generala-confort-si-siguranta-pentru-tratamente-complexe\/\" \/>\n<meta property=\"og:site_name\" content=\"Dr. Romaniuc\" \/>\n<meta property=\"article:modified_time\" content=\"2026-01-28T23:48:50+00:00\" \/>\n<meta property=\"og:image\" content=\"https:\/\/dr-romaniuc.md\/wp-content\/uploads\/2026\/01\/AnyConv.com__Anestezie-Generala.webp\" \/>\n\t<meta property=\"og:image:width\" content=\"570\" \/>\n\t<meta property=\"og:image:height\" content=\"691\" \/>\n\t<meta property=\"og:image:type\" content=\"image\/webp\" \/>\n<meta name=\"twitter:card\" content=\"summary_large_image\" \/>\n<meta name=\"twitter:label1\" content=\"Est. reading time\" \/>\n\t<meta name=\"twitter:data1\" content=\"3 \u043c\u0438\u043d\u0443\u0442\u044b\" \/>\n<!-- \/ Yoast SEO plugin. -->","yoast_head_json":{"title":"Anestezie General\u0103 &#062; Dr. Romaniuc","robots":{"index":"index","follow":"follow","max-snippet":"max-snippet:-1","max-image-preview":"max-image-preview:large","max-video-preview":"max-video-preview:-1"},"canonical":"https:\/\/dr-romaniuc.md\/ru\/servicii\/anestezie-generala-confort-si-siguranta-pentru-tratamente-complexe\/","og_locale":"ru_RU","og_type":"article","og_title":"Anestezie General\u0103 &#062; Dr. Romaniuc","og_description":"Anestezie General\u0103 \u2013 Confort \u0219i siguran\u021b\u0103 pentru tratamente complexe La Clinica Stomatologic\u0103 Dr. Romaniuc, confortul \u0219i siguran\u021ba pacien\u021bilor no\u0219tri sunt priorit\u0103\u021bi absolute. Pentru acele proceduri stomatologice care necesit\u0103 o abordare mai complex\u0103 sau pentru pacien\u021bii care prefer\u0103 s\u0103 evite orice disconfort, oferim servicii de anestezie general\u0103. Aceasta \u00ee\u021bi permite s\u0103 treci prin tratamentele dentare f\u0103r\u0103 [&hellip;]","og_url":"https:\/\/dr-romaniuc.md\/ru\/servicii\/anestezie-generala-confort-si-siguranta-pentru-tratamente-complexe\/","og_site_name":"Dr. Romaniuc","article_modified_time":"2026-01-28T23:48:50+00:00","og_image":[{"width":570,"height":691,"url":"https:\/\/dr-romaniuc.md\/wp-content\/uploads\/2026\/01\/AnyConv.com__Anestezie-Generala.webp","type":"image\/webp"}],"twitter_card":"summary_large_image","twitter_misc":{"Est. reading time":"3 \u043c\u0438\u043d\u0443\u0442\u044b"},"schema":{"@context":"https:\/\/schema.org","@graph":[{"@type":"WebPage","@id":"https:\/\/dr-romaniuc.md\/ru\/servicii\/anestezie-generala-confort-si-siguranta-pentru-tratamente-complexe\/","url":"https:\/\/dr-romaniuc.md\/ru\/servicii\/anestezie-generala-confort-si-siguranta-pentru-tratamente-complexe\/","name":"Anestezie General\u0103 &#062; Dr. Romaniuc","isPartOf":{"@id":"https:\/\/dr-romaniuc.md\/#website"},"primaryImageOfPage":{"@id":"https:\/\/dr-romaniuc.md\/ru\/servicii\/anestezie-generala-confort-si-siguranta-pentru-tratamente-complexe\/#primaryimage"},"image":{"@id":"https:\/\/dr-romaniuc.md\/ru\/servicii\/anestezie-generala-confort-si-siguranta-pentru-tratamente-complexe\/#primaryimage"},"thumbnailUrl":"https:\/\/dr-romaniuc.md\/wp-content\/uploads\/2026\/01\/AnyConv.com__Anestezie-Generala.webp","datePublished":"2026-01-28T22:32:30+00:00","dateModified":"2026-01-28T23:48:50+00:00","breadcrumb":{"@id":"https:\/\/dr-romaniuc.md\/ru\/servicii\/anestezie-generala-confort-si-siguranta-pentru-tratamente-complexe\/#breadcrumb"},"inLanguage":"ru-RU","potentialAction":[{"@type":"ReadAction","target":["https:\/\/dr-romaniuc.md\/ru\/servicii\/anestezie-generala-confort-si-siguranta-pentru-tratamente-complexe\/"]}]},{"@type":"ImageObject","inLanguage":"ru-RU","@id":"https:\/\/dr-romaniuc.md\/ru\/servicii\/anestezie-generala-confort-si-siguranta-pentru-tratamente-complexe\/#primaryimage","url":"https:\/\/dr-romaniuc.md\/wp-content\/uploads\/2026\/01\/AnyConv.com__Anestezie-Generala.webp","contentUrl":"https:\/\/dr-romaniuc.md\/wp-content\/uploads\/2026\/01\/AnyConv.com__Anestezie-Generala.webp","width":570,"height":691},{"@type":"BreadcrumbList","@id":"https:\/\/dr-romaniuc.md\/ru\/servicii\/anestezie-generala-confort-si-siguranta-pentru-tratamente-complexe\/#breadcrumb","itemListElement":[{"@type":"ListItem","position":1,"name":"Home","item":"https:\/\/dr-romaniuc.md\/"},{"@type":"ListItem","position":2,"name":"Servicii","item":"https:\/\/dr-romaniuc.md\/servicii\/"},{"@type":"ListItem","position":3,"name":"Anestezie General\u0103"}]},{"@type":"WebSite","@id":"https:\/\/dr-romaniuc.md\/#website","url":"https:\/\/dr-romaniuc.md\/","name":"Dr. Romaniuc","description":"Clinic\u0103 stomatologic\u0103","publisher":{"@id":"https:\/\/dr-romaniuc.md\/#organization"},"potentialAction":[{"@type":"SearchAction","target":{"@type":"EntryPoint","urlTemplate":"https:\/\/dr-romaniuc.md\/?s={search_term_string}"},"query-input":{"@type":"PropertyValueSpecification","valueRequired":true,"valueName":"search_term_string"}}],"inLanguage":"ru-RU"},{"@type":"Organization","@id":"https:\/\/dr-romaniuc.md\/#organization","name":"Dr. Romaniuc","url":"https:\/\/dr-romaniuc.md\/","logo":{"@type":"ImageObject","inLanguage":"ru-RU","@id":"https:\/\/dr-romaniuc.md\/#\/schema\/logo\/image\/","url":"https:\/\/dr-romaniuc.md\/wp-content\/uploads\/2026\/01\/Logo.svg","contentUrl":"https:\/\/dr-romaniuc.md\/wp-content\/uploads\/2026\/01\/Logo.svg","caption":"Dr. Romaniuc"},"image":{"@id":"https:\/\/dr-romaniuc.md\/#\/schema\/logo\/image\/"}}]}},"_links":{"self":[{"href":"https:\/\/dr-romaniuc.md\/ru\/wp-json\/wp\/v2\/pages\/116","targetHints":{"allow":["GET"]}}],"collection":[{"href":"https:\/\/dr-romaniuc.md\/ru\/wp-json\/wp\/v2\/pages"}],"about":[{"href":"https:\/\/dr-romaniuc.md\/ru\/wp-json\/wp\/v2\/types\/page"}],"author":[{"embeddable":true,"href":"https:\/\/dr-romaniuc.md\/ru\/wp-json\/wp\/v2\/users\/1"}],"replies":[{"embeddable":true,"href":"https:\/\/dr-romaniuc.md\/ru\/wp-json\/wp\/v2\/comments?post=116"}],"version-history":[{"count":2,"href":"https:\/\/dr-romaniuc.md\/ru\/wp-json\/wp\/v2\/pages\/116\/revisions"}],"predecessor-version":[{"id":176,"href":"https:\/\/dr-romaniuc.md\/ru\/wp-json\/wp\/v2\/pages\/116\/revisions\/176"}],"up":[{"embeddable":true,"href":"https:\/\/dr-romaniuc.md\/ru\/wp-json\/wp\/v2\/pages\/14"}],"wp:featuredmedia":[{"embeddable":true,"href":"https:\/\/dr-romaniuc.md\/ru\/wp-json\/wp\/v2\/media\/115"}],"wp:attachment":[{"href":"https:\/\/dr-romaniuc.md\/ru\/wp-json\/wp\/v2\/media?parent=116"}],"curies":[{"name":"wp","href":"https:\/\/api.w.org\/{rel}","templated":true}]}}